{"id":10328,"date":"2023-09-14T16:11:10","date_gmt":"2023-09-14T14:11:10","guid":{"rendered":"https:\/\/hostcnie.com\/demo\/almed\/?post_type=product&#038;p=10328"},"modified":"2023-12-12T10:26:15","modified_gmt":"2023-12-12T09:26:15","slug":"c4000","status":"publish","type":"product","link":"https:\/\/hostcnie.com\/demo\/almed\/produit\/c4000\/","title":{"rendered":"<em>c<\/em>4000\u00ae"},"content":{"rendered":"<table style=\"height: 1214px;\" width=\"915\">\n<tbody>\n<tr>\n<td><span style=\"color: #808080;\"><strong>M\u00e9thodes<\/strong><\/span><\/td>\n<td><span style=\"color: #808080;\">Photom\u00e9trique, potentiom\u00e9trique, turbidim\u00e9trique<\/span><\/td>\n<\/tr>\n<tr>\n<td><span style=\"color: #808080;\"><strong>D\u00e9bit maximal<\/strong><\/span><\/td>\n<td><span style=\"color: #808080;\">Jusqu&rsquo;\u00e0 800\u00a0tests\/heure<\/span><\/td>\n<\/tr>\n<tr>\n<td><span style=\"color: #808080;\"><strong>Types d&rsquo;\u00e9chantillons<\/strong><\/span><\/td>\n<td><span style=\"color: #808080;\">S\u00e9rum, plasma, sang total, urine, LCR<\/span><\/td>\n<\/tr>\n<tr>\n<td><span style=\"color: #808080;\"><strong>Tubes d&rsquo;\u00e9chantillon<\/strong><\/span><\/td>\n<td><span style=\"color: #808080;\">Hauteur\u00a0: 72 \u00e0 102\u00a0mm<\/span><br \/>\n<span style=\"color: #808080;\">Diam\u00e8tre\u00a0: 9,6 \u00e0 16,1\u00a0mm<\/span><\/td>\n<\/tr>\n<tr>\n<td><span style=\"color: #808080;\"><strong>Godet \u00e9chantillon<\/strong><\/span><\/td>\n<td><span style=\"color: #808080;\">Oui (volume mort de 50\u00a0\u00b5l)<\/span><\/td>\n<\/tr>\n<tr>\n<td><span style=\"color: #808080;\"><strong>Capacit\u00e9 \u00e9chantillons<\/strong><\/span><\/td>\n<td><span style=\"color: #808080;\">100<\/span><\/td>\n<\/tr>\n<tr>\n<td><span style=\"color: #808080;\"><strong>Types de code-barres d&rsquo;\u00e9chantillons<\/strong><\/span><\/td>\n<td><span style=\"color: #808080;\">Code\u00a039, Codabar, 2\/5 entrelac\u00e9, code\u00a0128<\/span><\/td>\n<\/tr>\n<tr>\n<td><span style=\"color: #808080;\"><strong>Nombre de r\u00e9sultats m\u00e9moris\u00e9s<\/strong><\/span><\/td>\n<td><span style=\"color: #808080;\">50000<\/span><\/td>\n<\/tr>\n<tr>\n<td><span style=\"color: #808080;\"><strong>Volume d&rsquo;\u00e9chantillon<\/strong><\/span><\/td>\n<td><span style=\"color: #808080;\">1,5 \u00e0 35\u00a0\u00b5l, moyenne\u00a0: 7,2\u00a0\u00b5l<\/span><\/td>\n<\/tr>\n<tr>\n<td><span style=\"color: #808080;\"><strong>Dilution automatique<\/strong><\/span><\/td>\n<td><span style=\"color: #808080;\">Oui<\/span><\/td>\n<\/tr>\n<tr>\n<td><span style=\"color: #808080;\"><strong>Contamination de l&rsquo;aiguille \u00e9chantillon<\/strong><\/span><\/td>\n<td><span style=\"color: #808080;\">Sang total \u00e0 sang total\u00a0:\u00a0&lt;\u00a01\u00a0000\u00a0ppm<\/span><br \/>\n<span style=\"color: #808080;\">Sang total \u00e0 s\u00e9rum\u00a0:\u00a0\u2264\u00a00,1\u00a0ppm<\/span><\/td>\n<\/tr>\n<tr>\n<td><span style=\"color: #808080;\"><strong>Capacit\u00e9 r\u00e9actifs<\/strong><\/span><\/td>\n<td>\n<div style=\"color: #808080; text-align: justify;\">Jusqu&rsquo;\u00e0 90 emplacements r\u00e9frig\u00e9r\u00e9s et une technologie ESI brevet\u00e9e (Na+, K+ et Cl-)<\/div>\n<\/td>\n<\/tr>\n<tr>\n<td><span style=\"color: #808080;\"><strong>Type de r\u00e9actif<\/strong><\/span><\/td>\n<td><span style=\"color: #808080;\">Liquide pr\u00eat \u00e0 l&#8217;emploi\u00a0&gt;\u00a097\u00a0%<\/span><\/td>\n<\/tr>\n<tr>\n<td><span style=\"color: #808080;\"><strong>Stabilit\u00e9 des r\u00e9actifs \u00e0 bord<\/strong><\/span><\/td>\n<td><span style=\"color: #808080;\">5 \u00e0 65\u00a0jours, moyenne\u00a0: 38\u00a0jours<\/span><\/td>\n<\/tr>\n<tr>\n<td><span style=\"color: #808080;\"><strong>Fr\u00e9quence de calibration<\/strong><\/span><\/td>\n<td><span style=\"color: #808080;\">1 \u00e0 60\u00a0jours, moyenne\u00a0: 25\u00a0jours<\/span><\/td>\n<\/tr>\n<tr>\n<td><span style=\"color: #808080;\"><strong>D\u00e9tection d&rsquo;\u00e9chantillons, de caillots et de bulles<\/strong><\/span><\/td>\n<td><span style=\"color: #808080;\">Oui<\/span><\/td>\n<\/tr>\n<tr>\n<td><span style=\"color: #808080;\"><strong>Contr\u00f4le de la pression des r\u00e9actifs<\/strong><\/span><\/td>\n<td><span style=\"color: #808080;\">Oui<\/span><\/td>\n<\/tr>\n<tr>\n<td><span style=\"color: #808080;\"><strong>Mesure des interf\u00e9rences de l&rsquo;\u00e9chantillon<\/strong><\/span><\/td>\n<td><span style=\"color: #808080;\">Oui\u00a0: h\u00e9molyse, ict\u00e8re et lipid\u00e9mie (indices HIL)<\/span><\/td>\n<\/tr>\n<tr>\n<td><span style=\"color: #808080;\"><strong>Poste de commande<\/strong><\/span><\/td>\n<td><span style=\"color: #808080;\">1\u00a0PC, avec \u00e9cran tactile couleur, clavier et souris<\/span><\/td>\n<\/tr>\n<tr>\n<td><span style=\"color: #808080;\"><strong>Gestion des maintenances \u00e0 bord<\/strong><\/span><\/td>\n<td><span style=\"color: #808080;\">Oui<\/span><\/td>\n<\/tr>\n<tr>\n<td><span style=\"color: #808080;\"><strong>Aide en ligne relative aux codes d&rsquo;erreur<\/strong><\/span><\/td>\n<td><span style=\"color: #808080;\">Oui<\/span><\/td>\n<\/tr>\n<tr>\n<td><span style=\"color: #808080;\"><strong>Interface h\u00f4te<\/strong><\/span><\/td>\n<td><span style=\"color: #808080;\">Interface bidirectionnelle s\u00e9rie RS-232, option de requ\u00eate de l&rsquo;h\u00f4te disponible<\/span><\/td>\n<\/tr>\n<tr>\n<td><span style=\"color: #808080;\"><strong>T\u00e9l\u00e9diagnostics<\/strong><\/span><\/td>\n<td><span style=\"color: #808080;\">AbbottLink<\/span><\/td>\n<\/tr>\n<tr>\n<td><span style=\"color: #808080;\"><strong>Dimensions<br \/>\n(H\u00a0x L\u00a0x P)<\/strong><\/span><\/td>\n<td><span style=\"color: #808080;\">49\u00a0x 63\u00a0x 36\u00a0po<\/span><br \/>\n<span style=\"color: #808080;\">125,1\u00a0x 160\u00a0x 90,7\u00a0cm<\/span><\/td>\n<\/tr>\n<tr>\n<td><span style=\"color: #808080;\"><strong>Poids<\/strong><\/span><\/td>\n<td><span style=\"color: #808080;\">1\u00a0132\u00a0lb<\/span><br \/>\n<span style=\"color: #808080;\">513,5\u00a0kg<\/span><\/td>\n<\/tr>\n<tr>\n<td><span style=\"color: #808080;\"><strong>Alimentation requise<\/strong><\/span><\/td>\n<td><span style=\"color: #808080;\">180-264\u00a0V CA, 47-63\u00a0Hz, 20\u00a0A<\/span><\/td>\n<\/tr>\n<tr>\n<td><span style=\"color: #808080;\"><strong>Besoins en eau<\/strong><\/span><\/td>\n<td>\n<div style=\"color: #808080; text-align: justify;\">15\u00a0litres d&rsquo;eau d\u00e9min\u00e9ralis\u00e9e par heure en fonctionnement normal, 25\u00a0litres par heure maximum<\/div>\n<\/td>\n<\/tr>\n<tr>\n<td><span style=\"color: #808080;\"><strong>Cadence calorifique*<\/strong><\/span><\/td>\n<td><span style=\"color: #808080;\">3050\u00a0BTU\/h, en fonctionnement<\/span><\/td>\n<\/tr>\n<tr>\n<td><span style=\"color: #808080;\"><strong>Chargement des \u00e9chantillons<\/strong><\/span><\/td>\n<td><span style=\"color: #808080;\">Syst\u00e8me de transfert des \u00e9chantillons robotis\u00e9 (RSH)<\/span><\/td>\n<\/tr>\n<tr>\n<td colspan=\"2\">\n<div style=\"color: #808080; text-align: justify;\">*\u00a0Les valeurs fournies repr\u00e9sentent les r\u00e9sultats types obtenus avec le module analytique et le syst\u00e8me de traitement des \u00e9chantillons en fonctionnement. Une valeur maximale de 389\u00a0BTU\/h a \u00e9t\u00e9 obtenue pour le poste de commande (PC) \u00e0 l&rsquo;aide du syst\u00e8me ARCHITECT\u00ae\u00a0<em>i<\/em>2000SR\u00ae utilis\u00e9 comme syst\u00e8me repr\u00e9sentatif. Valeurs obtenues dans le cadre d&rsquo;une \u00e9tude interne. Donn\u00e9es disponibles aupr\u00e8s d&rsquo;Abbott\u00ae.<\/div>\n<\/td>\n<\/tr>\n<\/tbody>\n<\/table>\n","protected":false},"excerpt":{"rendered":"<p><span style=\"color: #808080;\"><strong>GRANDE CAPACIT\u00c9, <\/strong><strong>PETITES DIMENSIONS<\/strong><\/span><\/p>\n<div style=\"color: #808080; text-align: justify;\">Le syst\u00e8me d&rsquo;analyse de chimie clinique ARCHITECT\u00ae <em>c<\/em>4000\u00ae, se caract\u00e9rise par des r\u00e9sultats de tests de haute qualit\u00e9 et des d\u00e9lais d&rsquo;ex\u00e9cution STAT rapides.<\/div>\n<div style=\"color: #808080; text-align: justify;\">L\u2019ARCHITECT\u00ae <em>c<\/em>4000\u00ae augmente la productivit\u00e9 du laboratoire et fournit aux utilisateurs des r\u00e9sultats en lesquels ils peuvent avoir confiance en toute tranquillit\u00e9 d&rsquo;esprit.<\/div>\n<div style=\"color: #808080; text-align: justify;\">Le d\u00e9bit maximum de l\u2019ARCHITECT\u00ae <em>c<\/em>4000\u00ae est de 800 tests par heure.<\/div>\n<div style=\"color: #808080; text-align: justify;\">L\u2019ARCHITECT\u00ae <em>c<\/em>4000\u00ae a une capacit\u00e9 de chargement de 100 \u00e9chantillons avec 35 positions prioritaires ;<\/div>\n<div style=\"color: #808080; text-align: justify;\">Peut fournir jusqu&rsquo;\u00e0 90 positions de r\u00e9actifs refroidis dans l&rsquo;appareil et est dot\u00e9 de la technologie de puce int\u00e9gr\u00e9e (ICT) (Na+, K+ et Cl-).<\/div>\n","protected":false},"featured_media":12478,"template":"","meta":[],"product_cat":[81],"product_tag":[],"class_list":["post-10328","product","type-product","status-publish","has-post-thumbnail","hentry","product_cat-architect"],"yoast_head":"<!-- This site is optimized with the Yoast SEO plugin v21.7 - https:\/\/yoast.com\/wordpress\/plugins\/seo\/ -->\n<title>c4000\u00ae - ALMED<\/title>\n<meta name=\"robots\" content=\"index, follow, max-snippet:-1, max-image-preview:large, max-video-preview:-1\" \/>\n<link rel=\"canonical\" href=\"https:\/\/hostcnie.com\/demo\/almed\/produit\/c4000\/\" \/>\n<meta property=\"og:locale\" content=\"fr_FR\" \/>\n<meta property=\"og:type\" content=\"article\" \/>\n<meta property=\"og:title\" content=\"c4000\u00ae - ALMED\" \/>\n<meta property=\"og:description\" content=\"GRANDE CAPACIT\u00c9, PETITES DIMENSIONS Le syst\u00e8me d&#039;analyse de chimie clinique ARCHITECT\u00ae c4000\u00ae, se caract\u00e9rise par des r\u00e9sultats de tests de haute qualit\u00e9 et des d\u00e9lais d&#039;ex\u00e9cution STAT rapides. L\u2019ARCHITECT\u00ae c4000\u00ae augmente la productivit\u00e9 du laboratoire et fournit aux utilisateurs des r\u00e9sultats en lesquels ils peuvent avoir confiance en toute tranquillit\u00e9 d&#039;esprit. Le d\u00e9bit maximum de l\u2019ARCHITECT\u00ae c4000\u00ae est de 800 tests par heure. L\u2019ARCHITECT\u00ae c4000\u00ae a une capacit\u00e9 de chargement de 100 \u00e9chantillons avec 35 positions prioritaires ; Peut fournir jusqu&#039;\u00e0 90 positions de r\u00e9actifs refroidis dans l&#039;appareil et est dot\u00e9 de la technologie de puce int\u00e9gr\u00e9e (ICT) (Na+, K+ et Cl-).\" \/>\n<meta property=\"og:url\" content=\"https:\/\/hostcnie.com\/demo\/almed\/produit\/c4000\/\" \/>\n<meta property=\"og:site_name\" content=\"ALMED\" \/>\n<meta property=\"article:modified_time\" content=\"2023-12-12T09:26:15+00:00\" \/>\n<meta property=\"og:image\" content=\"https:\/\/hostcnie.com\/demo\/almed\/wp-content\/uploads\/2023\/09\/C4000v1.png\" \/>\n\t<meta property=\"og:image:width\" content=\"825\" \/>\n\t<meta property=\"og:image:height\" content=\"833\" \/>\n\t<meta property=\"og:image:type\" content=\"image\/png\" \/>\n<meta name=\"twitter:card\" content=\"summary_large_image\" \/>\n<meta name=\"twitter:label1\" content=\"Dur\u00e9e de lecture estim\u00e9e\" \/>\n\t<meta name=\"twitter:data1\" content=\"2 minutes\" \/>\n<script type=\"application\/ld+json\" class=\"yoast-schema-graph\">{\"@context\":\"https:\/\/schema.org\",\"@graph\":[{\"@type\":\"WebPage\",\"@id\":\"https:\/\/hostcnie.com\/demo\/almed\/produit\/c4000\/\",\"url\":\"https:\/\/hostcnie.com\/demo\/almed\/produit\/c4000\/\",\"name\":\"c4000\u00ae - ALMED\",\"isPartOf\":{\"@id\":\"https:\/\/hostcnie.com\/demo\/almed\/#website\"},\"datePublished\":\"2023-09-14T14:11:10+00:00\",\"dateModified\":\"2023-12-12T09:26:15+00:00\",\"breadcrumb\":{\"@id\":\"https:\/\/hostcnie.com\/demo\/almed\/produit\/c4000\/#breadcrumb\"},\"inLanguage\":\"fr-FR\",\"potentialAction\":[{\"@type\":\"ReadAction\",\"target\":[\"https:\/\/hostcnie.com\/demo\/almed\/produit\/c4000\/\"]}]},{\"@type\":\"BreadcrumbList\",\"@id\":\"https:\/\/hostcnie.com\/demo\/almed\/produit\/c4000\/#breadcrumb\",\"itemListElement\":[{\"@type\":\"ListItem\",\"position\":1,\"name\":\"Accueil\",\"item\":\"https:\/\/hostcnie.com\/demo\/almed\/\"},{\"@type\":\"ListItem\",\"position\":2,\"name\":\"Produits\",\"item\":\"https:\/\/hostcnie.com\/demo\/almed\/produits\/\"},{\"@type\":\"ListItem\",\"position\":3,\"name\":\"c4000\u00ae\"}]},{\"@type\":\"WebSite\",\"@id\":\"https:\/\/hostcnie.com\/demo\/almed\/#website\",\"url\":\"https:\/\/hostcnie.com\/demo\/almed\/\",\"name\":\"ALMED\",\"description\":\"Importateur et distributeur de mat\u00e9riel m\u00e9dical et de r\u00e9actifs en Alg\u00e9rie\",\"publisher\":{\"@id\":\"https:\/\/hostcnie.com\/demo\/almed\/#organization\"},\"potentialAction\":[{\"@type\":\"SearchAction\",\"target\":{\"@type\":\"EntryPoint\",\"urlTemplate\":\"https:\/\/hostcnie.com\/demo\/almed\/?s={search_term_string}\"},\"query-input\":\"required name=search_term_string\"}],\"inLanguage\":\"fr-FR\"},{\"@type\":\"Organization\",\"@id\":\"https:\/\/hostcnie.com\/demo\/almed\/#organization\",\"name\":\"ALMED\",\"url\":\"https:\/\/hostcnie.com\/demo\/almed\/\",\"logo\":{\"@type\":\"ImageObject\",\"inLanguage\":\"fr-FR\",\"@id\":\"https:\/\/hostcnie.com\/demo\/almed\/#\/schema\/logo\/image\/\",\"url\":\"https:\/\/hostcnie.com\/demo\/almed\/wp-content\/uploads\/2023\/09\/logo-almed.jpg\",\"contentUrl\":\"https:\/\/hostcnie.com\/demo\/almed\/wp-content\/uploads\/2023\/09\/logo-almed.jpg\",\"width\":615,\"height\":239,\"caption\":\"ALMED\"},\"image\":{\"@id\":\"https:\/\/hostcnie.com\/demo\/almed\/#\/schema\/logo\/image\/\"}}]}<\/script>\n<!-- \/ Yoast SEO plugin. -->","yoast_head_json":{"title":"c4000\u00ae - ALMED","robots":{"index":"index","follow":"follow","max-snippet":"max-snippet:-1","max-image-preview":"max-image-preview:large","max-video-preview":"max-video-preview:-1"},"canonical":"https:\/\/hostcnie.com\/demo\/almed\/produit\/c4000\/","og_locale":"fr_FR","og_type":"article","og_title":"c4000\u00ae - ALMED","og_description":"GRANDE CAPACIT\u00c9, PETITES DIMENSIONS Le syst\u00e8me d'analyse de chimie clinique ARCHITECT\u00ae c4000\u00ae, se caract\u00e9rise par des r\u00e9sultats de tests de haute qualit\u00e9 et des d\u00e9lais d'ex\u00e9cution STAT rapides. L\u2019ARCHITECT\u00ae c4000\u00ae augmente la productivit\u00e9 du laboratoire et fournit aux utilisateurs des r\u00e9sultats en lesquels ils peuvent avoir confiance en toute tranquillit\u00e9 d'esprit. Le d\u00e9bit maximum de l\u2019ARCHITECT\u00ae c4000\u00ae est de 800 tests par heure. L\u2019ARCHITECT\u00ae c4000\u00ae a une capacit\u00e9 de chargement de 100 \u00e9chantillons avec 35 positions prioritaires ; Peut fournir jusqu'\u00e0 90 positions de r\u00e9actifs refroidis dans l'appareil et est dot\u00e9 de la technologie de puce int\u00e9gr\u00e9e (ICT) (Na+, K+ et Cl-).","og_url":"https:\/\/hostcnie.com\/demo\/almed\/produit\/c4000\/","og_site_name":"ALMED","article_modified_time":"2023-12-12T09:26:15+00:00","og_image":[{"width":825,"height":833,"url":"https:\/\/hostcnie.com\/demo\/almed\/wp-content\/uploads\/2023\/09\/C4000v1.png","type":"image\/png"}],"twitter_card":"summary_large_image","twitter_misc":{"Dur\u00e9e de lecture estim\u00e9e":"2 minutes"},"schema":{"@context":"https:\/\/schema.org","@graph":[{"@type":"WebPage","@id":"https:\/\/hostcnie.com\/demo\/almed\/produit\/c4000\/","url":"https:\/\/hostcnie.com\/demo\/almed\/produit\/c4000\/","name":"c4000\u00ae - ALMED","isPartOf":{"@id":"https:\/\/hostcnie.com\/demo\/almed\/#website"},"datePublished":"2023-09-14T14:11:10+00:00","dateModified":"2023-12-12T09:26:15+00:00","breadcrumb":{"@id":"https:\/\/hostcnie.com\/demo\/almed\/produit\/c4000\/#breadcrumb"},"inLanguage":"fr-FR","potentialAction":[{"@type":"ReadAction","target":["https:\/\/hostcnie.com\/demo\/almed\/produit\/c4000\/"]}]},{"@type":"BreadcrumbList","@id":"https:\/\/hostcnie.com\/demo\/almed\/produit\/c4000\/#breadcrumb","itemListElement":[{"@type":"ListItem","position":1,"name":"Accueil","item":"https:\/\/hostcnie.com\/demo\/almed\/"},{"@type":"ListItem","position":2,"name":"Produits","item":"https:\/\/hostcnie.com\/demo\/almed\/produits\/"},{"@type":"ListItem","position":3,"name":"c4000\u00ae"}]},{"@type":"WebSite","@id":"https:\/\/hostcnie.com\/demo\/almed\/#website","url":"https:\/\/hostcnie.com\/demo\/almed\/","name":"ALMED","description":"Importateur et distributeur de mat\u00e9riel m\u00e9dical et de r\u00e9actifs en Alg\u00e9rie","publisher":{"@id":"https:\/\/hostcnie.com\/demo\/almed\/#organization"},"potentialAction":[{"@type":"SearchAction","target":{"@type":"EntryPoint","urlTemplate":"https:\/\/hostcnie.com\/demo\/almed\/?s={search_term_string}"},"query-input":"required name=search_term_string"}],"inLanguage":"fr-FR"},{"@type":"Organization","@id":"https:\/\/hostcnie.com\/demo\/almed\/#organization","name":"ALMED","url":"https:\/\/hostcnie.com\/demo\/almed\/","logo":{"@type":"ImageObject","inLanguage":"fr-FR","@id":"https:\/\/hostcnie.com\/demo\/almed\/#\/schema\/logo\/image\/","url":"https:\/\/hostcnie.com\/demo\/almed\/wp-content\/uploads\/2023\/09\/logo-almed.jpg","contentUrl":"https:\/\/hostcnie.com\/demo\/almed\/wp-content\/uploads\/2023\/09\/logo-almed.jpg","width":615,"height":239,"caption":"ALMED"},"image":{"@id":"https:\/\/hostcnie.com\/demo\/almed\/#\/schema\/logo\/image\/"}}]}},"_links":{"self":[{"href":"https:\/\/hostcnie.com\/demo\/almed\/wp-json\/wp\/v2\/product\/10328","targetHints":{"allow":["GET"]}}],"collection":[{"href":"https:\/\/hostcnie.com\/demo\/almed\/wp-json\/wp\/v2\/product"}],"about":[{"href":"https:\/\/hostcnie.com\/demo\/almed\/wp-json\/wp\/v2\/types\/product"}],"version-history":[{"count":19,"href":"https:\/\/hostcnie.com\/demo\/almed\/wp-json\/wp\/v2\/product\/10328\/revisions"}],"predecessor-version":[{"id":12242,"href":"https:\/\/hostcnie.com\/demo\/almed\/wp-json\/wp\/v2\/product\/10328\/revisions\/12242"}],"wp:featuredmedia":[{"embeddable":true,"href":"https:\/\/hostcnie.com\/demo\/almed\/wp-json\/wp\/v2\/media\/12478"}],"wp:attachment":[{"href":"https:\/\/hostcnie.com\/demo\/almed\/wp-json\/wp\/v2\/media?parent=10328"}],"wp:term":[{"taxonomy":"product_cat","embeddable":true,"href":"https:\/\/hostcnie.com\/demo\/almed\/wp-json\/wp\/v2\/product_cat?post=10328"},{"taxonomy":"product_tag","embeddable":true,"href":"https:\/\/hostcnie.com\/demo\/almed\/wp-json\/wp\/v2\/product_tag?post=10328"}],"curies":[{"name":"wp","href":"https:\/\/api.w.org\/{rel}","templated":true}]}}