{"id":10324,"date":"2023-09-14T16:10:22","date_gmt":"2023-09-14T14:10:22","guid":{"rendered":"https:\/\/hostcnie.com\/demo\/almed\/?post_type=product&#038;p=10324"},"modified":"2023-12-21T16:38:56","modified_gmt":"2023-12-21T15:38:56","slug":"i1000","status":"publish","type":"product","link":"https:\/\/hostcnie.com\/demo\/almed\/produit\/i1000\/","title":{"rendered":"<em>i<\/em>1000SR\u00ae"},"content":{"rendered":"<div class=\"title\">\n<div id=\"title-71f60b81bf\" class=\"cmp-title\" data-js-component=\"title\">\n<table style=\"height: 1063px;\" width=\"915\">\n<tbody>\n<tr>\n<td><span style=\"color: #808080;\"><strong>M\u00e9thodes<\/strong><\/span><\/td>\n<td><span style=\"color: #808080;\">CHEMIFLEX<\/span><\/td>\n<\/tr>\n<tr>\n<td><span style=\"color: #808080;\"><strong>D\u00e9bit maximal<\/strong><\/span><\/td>\n<td><span style=\"color: #808080;\">Jusqu&rsquo;\u00e0 100 tests\/heure<\/span><\/td>\n<\/tr>\n<tr>\n<td><span style=\"color: #808080;\"><strong>Types d&rsquo;\u00e9chantillons<\/strong><\/span><\/td>\n<td><span style=\"color: #808080;\">S\u00e9rum, plasma, sang total, urine, LCR<\/span><\/td>\n<\/tr>\n<tr>\n<td><span style=\"color: #808080;\"><strong>Tube \u00e0 \u00e9chantillon<\/strong><\/span><\/td>\n<td><span style=\"color: #808080;\">Hauteur : 72-102 mm<\/span><br \/>\n<span style=\"color: #808080;\">Diam\u00e8tre : 9,6-16,1 mm<\/span><\/td>\n<\/tr>\n<tr>\n<td><span style=\"color: #808080;\"><strong>Gobelet d&rsquo;\u00e9chantillon<\/strong><\/span><\/td>\n<td><span style=\"color: #808080;\">Oui (volume mort 50 \u00b5l)<\/span><\/td>\n<\/tr>\n<tr>\n<td><span style=\"color: #808080;\"><strong>Capacit\u00e9 d&rsquo;\u00e9chantillonnage<\/strong><\/span><\/td>\n<td><span style=\"color: #808080;\">65<\/span><\/td>\n<\/tr>\n<tr>\n<td><span style=\"color: #808080;\"><strong>Exemples de types de codes-barres<\/strong><\/span><\/td>\n<td><span style=\"color: #808080;\">Code 39, Codabar, 2 sur 5 entrelac\u00e9, Code 128<\/span><\/td>\n<\/tr>\n<tr>\n<td><span style=\"color: #808080;\"><strong>Stockage des r\u00e9sultats des \u00e9chantillons<\/strong><\/span><\/td>\n<td><span style=\"color: #808080;\">50 000<\/span><\/td>\n<\/tr>\n<tr>\n<td><span style=\"color: #808080;\"><strong>Volume d&rsquo;\u00e9chantillon<\/strong><\/span><\/td>\n<td><span style=\"color: #808080;\">10-150 \u00b5l, moyenne : 62 \u00b5l<\/span><\/td>\n<\/tr>\n<tr>\n<td><span style=\"color: #808080;\"><strong>Dilution automatique<\/strong><\/span><\/td>\n<td><span style=\"color: #808080;\">Oui<\/span><\/td>\n<\/tr>\n<tr>\n<td><span style=\"color: #808080;\"><strong>Transfert d&rsquo;\u00e9chantillon<\/strong><\/span><\/td>\n<td><span style=\"color: #808080;\">\u22640,1 ppm<\/span><\/td>\n<\/tr>\n<tr>\n<td><span style=\"color: #808080;\"><strong>Capacit\u00e9 de r\u00e9actif<\/strong><\/span><\/td>\n<td><span style=\"color: #808080;\">25 emplacements r\u00e9frig\u00e9r\u00e9s<\/span><\/td>\n<\/tr>\n<tr>\n<td><span style=\"color: #808080;\"><strong>Type de r\u00e9actif<\/strong><\/span><\/td>\n<td><span style=\"color: #808080;\">100% liquide, pr\u00eat \u00e0 l&#8217;emploi<\/span><\/td>\n<\/tr>\n<tr>\n<td><span style=\"color: #808080;\"><strong>Stabilit\u00e9 des r\u00e9actifs dans le syst\u00e8me<\/strong><\/span><\/td>\n<td><span style=\"color: #808080;\">14-30 jours<\/span><\/td>\n<\/tr>\n<tr>\n<td><span style=\"color: #808080;\"><strong>Intervalle d&rsquo;\u00e9talonnage<\/strong><\/span><\/td>\n<td>\n<div style=\"color: #808080; text-align: justify;\">\u00c9talonnez pour un nouveau num\u00e9ro de lot, pour les contr\u00f4les hors plage ou comme sp\u00e9cifi\u00e9 (si disponible) dans la notice.<\/div>\n<\/td>\n<\/tr>\n<tr>\n<td><span style=\"color: #808080;\"><strong>D\u00e9tection d&rsquo;\u00e9chantillons, de caillots et de bulles<\/strong><\/span><\/td>\n<td><span style=\"color: #808080;\">Oui<\/span><\/td>\n<\/tr>\n<tr>\n<td><span style=\"color: #808080;\"><strong>Surveillance de la pression des r\u00e9actifs<\/strong><\/span><\/td>\n<td><span style=\"color: #808080;\">Oui<\/span><\/td>\n<\/tr>\n<tr>\n<td><span style=\"color: #808080;\"><strong>Exemple de mesure d&rsquo;interf\u00e9rence<\/strong><\/span><\/td>\n<td><span style=\"color: #808080;\">Non<\/span><\/td>\n<\/tr>\n<tr>\n<td><span style=\"color: #808080;\"><strong>Ordinateur syst\u00e8me<\/strong><\/span><\/td>\n<td><span style=\"color: #808080;\">1 ordinateur syst\u00e8me, avec \u00e9cran tactile couleur, clavier et souris<\/span><\/td>\n<\/tr>\n<tr>\n<td><span style=\"color: #808080;\"><strong>Documentation de maintenance dans le syst\u00e8me<\/strong><\/span><\/td>\n<td><span style=\"color: #808080;\">Oui<\/span><\/td>\n<\/tr>\n<tr>\n<td><span style=\"color: #808080;\"><strong>Aide en ligne pour les codes d&rsquo;erreur<\/strong><\/span><\/td>\n<td><span style=\"color: #808080;\">Oui<\/span><\/td>\n<\/tr>\n<tr>\n<td><span style=\"color: #808080;\"><strong>Interface h\u00f4te<\/strong><\/span><\/td>\n<td>\n<div style=\"color: #808080; text-align: justify;\">Interface s\u00e9rie RS-232 bidirectionnelle, option d&rsquo;interrogation h\u00f4te disponible<\/div>\n<\/td>\n<\/tr>\n<tr>\n<td><span style=\"color: #808080;\"><strong>Diagnostic \u00e0 distance<\/strong><\/span><\/td>\n<td><span style=\"color: #808080;\">AbbottLink<\/span><\/td>\n<\/tr>\n<tr>\n<td><span style=\"color: #808080;\"><strong>Dimensions<br \/>\n(H x L x P)<\/strong><\/span><\/td>\n<td><span style=\"color: #808080;\">49&Prime; x 59&Prime; x 30&Prime;<\/span><br \/>\n<span style=\"color: #808080;\">124,5 x 149,9 x 76,2 cm<\/span><\/td>\n<\/tr>\n<tr>\n<td><span style=\"color: #808080;\"><strong>Poids<\/strong><\/span><\/td>\n<td><span style=\"color: #808080;\">636 livres<\/span><br \/>\n<span style=\"color: #808080;\">288 kg<\/span><\/td>\n<\/tr>\n<tr>\n<td><span style=\"color: #808080;\"><strong>Exigences d&rsquo;alimentation<\/strong><\/span><\/td>\n<td>\n<div style=\"color: #808080; text-align: justify;\">Tension alternative 110-120 V ou 200-240 V, \u00b110 %, 50 ou 60 Hz, autor\u00e9gul\u00e9e<\/div>\n<\/td>\n<\/tr>\n<tr>\n<td><span style=\"color: #808080;\"><strong>Exigences en mati\u00e8re d&rsquo;approvisionnement en eau<\/strong><\/span><\/td>\n<td><span style=\"color: #808080;\">Eau purifi\u00e9e pour diluer le concentr\u00e9 tampon<\/span><\/td>\n<\/tr>\n<tr>\n<td><span style=\"color: #808080;\"><strong>\u00c9mission de chaleur*<\/strong><\/span><\/td>\n<td><span style=\"color: #808080;\">2 400 BTU\/h en fonctionnement<\/span><\/td>\n<\/tr>\n<tr>\n<td><span style=\"color: #808080;\"><strong>Chargement d&rsquo;\u00e9chantillon<\/strong><\/span><\/td>\n<td><span style=\"color: #808080;\">RSH<\/span><\/td>\n<\/tr>\n<tr>\n<td colspan=\"2\">\n<div style=\"color: #808080; text-align: justify;\">*Les valeurs indiqu\u00e9es repr\u00e9sentent une livraison en direct typique pour le module de traitement du syst\u00e8me et le transporteur d&rsquo;\u00e9chantillons.\u00a0En utilisant l&rsquo;ARCHITECT\u00ae\u00a0<em>i<\/em>2000SR\u00ae comme syst\u00e8me repr\u00e9sentatif, une valeur maximale de 389 BTU\/h a \u00e9t\u00e9 enregistr\u00e9e pour l&rsquo;ordinateur syst\u00e8me.\u00a0Valeurs mesur\u00e9es dans une \u00e9tude interne.\u00a0Donn\u00e9es disponibles aupr\u00e8s d\u2019Abbott\u00ae.<\/div>\n<\/td>\n<\/tr>\n<\/tbody>\n<\/table>\n<\/div>\n<\/div>\n","protected":false},"excerpt":{"rendered":"<p><span style=\"color: #808080;\"><strong>GRANDE PRODUCTIVIT\u00c9, <\/strong><strong>CONSOLIDATION TRANSPARENTE<\/strong><\/span><\/p>\n<div style=\"color: #808080; text-align: justify;\">L&rsquo;analyseur d&rsquo;immunoassay ARCHITECT\u00ae\u00a0 <em>i<\/em>1000SR\u00ae r\u00e9pond aux normes \u00e9lev\u00e9es de votre laboratoire en fournissant des r\u00e9sultats STAT chaque fois qu&rsquo;ils sont n\u00e9cessaires.<\/div>\n<div style=\"color: #808080; text-align: justify;\">Les protocoles flexibles int\u00e9gr\u00e9s \u00e0 l&rsquo;ARCHITECT\u00ae\u00a0\u00a0<em>i<\/em>1000SR\u00ae optimisent le flux de travail dans le laboratoire et permettent une documentation fiable des r\u00e9sultats.<\/div>\n<div style=\"color: #808080;\"><em>Pour usage diagnostique in vitro\u00a0uniquement.<\/em><\/div>\n","protected":false},"featured_media":11017,"template":"","meta":[],"product_cat":[81],"product_tag":[],"class_list":["post-10324","product","type-product","status-publish","has-post-thumbnail","hentry","product_cat-architect"],"yoast_head":"<!-- This site is optimized with the Yoast SEO plugin v21.7 - https:\/\/yoast.com\/wordpress\/plugins\/seo\/ -->\n<title>i1000SR\u00ae - ALMED<\/title>\n<meta name=\"robots\" content=\"index, follow, max-snippet:-1, max-image-preview:large, max-video-preview:-1\" \/>\n<link rel=\"canonical\" href=\"https:\/\/hostcnie.com\/demo\/almed\/produit\/i1000\/\" \/>\n<meta property=\"og:locale\" content=\"fr_FR\" \/>\n<meta property=\"og:type\" content=\"article\" \/>\n<meta property=\"og:title\" content=\"i1000SR\u00ae - ALMED\" \/>\n<meta property=\"og:description\" content=\"GRANDE PRODUCTIVIT\u00c9, CONSOLIDATION TRANSPARENTE L&#039;analyseur d&#039;immunoassay ARCHITECT\u00ae\u00a0 i1000SR\u00ae r\u00e9pond aux normes \u00e9lev\u00e9es de votre laboratoire en fournissant des r\u00e9sultats STAT chaque fois qu&#039;ils sont n\u00e9cessaires. Les protocoles flexibles int\u00e9gr\u00e9s \u00e0 l&#039;ARCHITECT\u00ae\u00a0\u00a0i1000SR\u00ae optimisent le flux de travail dans le laboratoire et permettent une documentation fiable des r\u00e9sultats. Pour usage diagnostique in vitro\u00a0uniquement.\" \/>\n<meta property=\"og:url\" content=\"https:\/\/hostcnie.com\/demo\/almed\/produit\/i1000\/\" \/>\n<meta property=\"og:site_name\" content=\"ALMED\" \/>\n<meta property=\"article:modified_time\" content=\"2023-12-21T15:38:56+00:00\" \/>\n<meta property=\"og:image\" content=\"https:\/\/hostcnie.com\/demo\/almed\/wp-content\/uploads\/2023\/09\/architect-i1000.png\" \/>\n\t<meta property=\"og:image:width\" content=\"500\" \/>\n\t<meta property=\"og:image:height\" content=\"500\" \/>\n\t<meta property=\"og:image:type\" content=\"image\/png\" \/>\n<meta name=\"twitter:card\" content=\"summary_large_image\" \/>\n<meta name=\"twitter:label1\" content=\"Dur\u00e9e de lecture estim\u00e9e\" \/>\n\t<meta name=\"twitter:data1\" content=\"2 minutes\" \/>\n<script type=\"application\/ld+json\" class=\"yoast-schema-graph\">{\"@context\":\"https:\/\/schema.org\",\"@graph\":[{\"@type\":\"WebPage\",\"@id\":\"https:\/\/hostcnie.com\/demo\/almed\/produit\/i1000\/\",\"url\":\"https:\/\/hostcnie.com\/demo\/almed\/produit\/i1000\/\",\"name\":\"i1000SR\u00ae - ALMED\",\"isPartOf\":{\"@id\":\"https:\/\/hostcnie.com\/demo\/almed\/#website\"},\"datePublished\":\"2023-09-14T14:10:22+00:00\",\"dateModified\":\"2023-12-21T15:38:56+00:00\",\"breadcrumb\":{\"@id\":\"https:\/\/hostcnie.com\/demo\/almed\/produit\/i1000\/#breadcrumb\"},\"inLanguage\":\"fr-FR\",\"potentialAction\":[{\"@type\":\"ReadAction\",\"target\":[\"https:\/\/hostcnie.com\/demo\/almed\/produit\/i1000\/\"]}]},{\"@type\":\"BreadcrumbList\",\"@id\":\"https:\/\/hostcnie.com\/demo\/almed\/produit\/i1000\/#breadcrumb\",\"itemListElement\":[{\"@type\":\"ListItem\",\"position\":1,\"name\":\"Accueil\",\"item\":\"https:\/\/hostcnie.com\/demo\/almed\/\"},{\"@type\":\"ListItem\",\"position\":2,\"name\":\"Produits\",\"item\":\"https:\/\/hostcnie.com\/demo\/almed\/produits\/\"},{\"@type\":\"ListItem\",\"position\":3,\"name\":\"i1000SR\u00ae\"}]},{\"@type\":\"WebSite\",\"@id\":\"https:\/\/hostcnie.com\/demo\/almed\/#website\",\"url\":\"https:\/\/hostcnie.com\/demo\/almed\/\",\"name\":\"ALMED\",\"description\":\"Importateur et distributeur de mat\u00e9riel m\u00e9dical et de r\u00e9actifs en Alg\u00e9rie\",\"publisher\":{\"@id\":\"https:\/\/hostcnie.com\/demo\/almed\/#organization\"},\"potentialAction\":[{\"@type\":\"SearchAction\",\"target\":{\"@type\":\"EntryPoint\",\"urlTemplate\":\"https:\/\/hostcnie.com\/demo\/almed\/?s={search_term_string}\"},\"query-input\":\"required name=search_term_string\"}],\"inLanguage\":\"fr-FR\"},{\"@type\":\"Organization\",\"@id\":\"https:\/\/hostcnie.com\/demo\/almed\/#organization\",\"name\":\"ALMED\",\"url\":\"https:\/\/hostcnie.com\/demo\/almed\/\",\"logo\":{\"@type\":\"ImageObject\",\"inLanguage\":\"fr-FR\",\"@id\":\"https:\/\/hostcnie.com\/demo\/almed\/#\/schema\/logo\/image\/\",\"url\":\"https:\/\/hostcnie.com\/demo\/almed\/wp-content\/uploads\/2023\/09\/logo-almed.jpg\",\"contentUrl\":\"https:\/\/hostcnie.com\/demo\/almed\/wp-content\/uploads\/2023\/09\/logo-almed.jpg\",\"width\":615,\"height\":239,\"caption\":\"ALMED\"},\"image\":{\"@id\":\"https:\/\/hostcnie.com\/demo\/almed\/#\/schema\/logo\/image\/\"}}]}<\/script>\n<!-- \/ Yoast SEO plugin. -->","yoast_head_json":{"title":"i1000SR\u00ae - ALMED","robots":{"index":"index","follow":"follow","max-snippet":"max-snippet:-1","max-image-preview":"max-image-preview:large","max-video-preview":"max-video-preview:-1"},"canonical":"https:\/\/hostcnie.com\/demo\/almed\/produit\/i1000\/","og_locale":"fr_FR","og_type":"article","og_title":"i1000SR\u00ae - ALMED","og_description":"GRANDE PRODUCTIVIT\u00c9, CONSOLIDATION TRANSPARENTE L'analyseur d'immunoassay ARCHITECT\u00ae\u00a0 i1000SR\u00ae r\u00e9pond aux normes \u00e9lev\u00e9es de votre laboratoire en fournissant des r\u00e9sultats STAT chaque fois qu'ils sont n\u00e9cessaires. Les protocoles flexibles int\u00e9gr\u00e9s \u00e0 l'ARCHITECT\u00ae\u00a0\u00a0i1000SR\u00ae optimisent le flux de travail dans le laboratoire et permettent une documentation fiable des r\u00e9sultats. Pour usage diagnostique in vitro\u00a0uniquement.","og_url":"https:\/\/hostcnie.com\/demo\/almed\/produit\/i1000\/","og_site_name":"ALMED","article_modified_time":"2023-12-21T15:38:56+00:00","og_image":[{"width":500,"height":500,"url":"https:\/\/hostcnie.com\/demo\/almed\/wp-content\/uploads\/2023\/09\/architect-i1000.png","type":"image\/png"}],"twitter_card":"summary_large_image","twitter_misc":{"Dur\u00e9e de lecture estim\u00e9e":"2 minutes"},"schema":{"@context":"https:\/\/schema.org","@graph":[{"@type":"WebPage","@id":"https:\/\/hostcnie.com\/demo\/almed\/produit\/i1000\/","url":"https:\/\/hostcnie.com\/demo\/almed\/produit\/i1000\/","name":"i1000SR\u00ae - ALMED","isPartOf":{"@id":"https:\/\/hostcnie.com\/demo\/almed\/#website"},"datePublished":"2023-09-14T14:10:22+00:00","dateModified":"2023-12-21T15:38:56+00:00","breadcrumb":{"@id":"https:\/\/hostcnie.com\/demo\/almed\/produit\/i1000\/#breadcrumb"},"inLanguage":"fr-FR","potentialAction":[{"@type":"ReadAction","target":["https:\/\/hostcnie.com\/demo\/almed\/produit\/i1000\/"]}]},{"@type":"BreadcrumbList","@id":"https:\/\/hostcnie.com\/demo\/almed\/produit\/i1000\/#breadcrumb","itemListElement":[{"@type":"ListItem","position":1,"name":"Accueil","item":"https:\/\/hostcnie.com\/demo\/almed\/"},{"@type":"ListItem","position":2,"name":"Produits","item":"https:\/\/hostcnie.com\/demo\/almed\/produits\/"},{"@type":"ListItem","position":3,"name":"i1000SR\u00ae"}]},{"@type":"WebSite","@id":"https:\/\/hostcnie.com\/demo\/almed\/#website","url":"https:\/\/hostcnie.com\/demo\/almed\/","name":"ALMED","description":"Importateur et distributeur de mat\u00e9riel m\u00e9dical et de r\u00e9actifs en Alg\u00e9rie","publisher":{"@id":"https:\/\/hostcnie.com\/demo\/almed\/#organization"},"potentialAction":[{"@type":"SearchAction","target":{"@type":"EntryPoint","urlTemplate":"https:\/\/hostcnie.com\/demo\/almed\/?s={search_term_string}"},"query-input":"required name=search_term_string"}],"inLanguage":"fr-FR"},{"@type":"Organization","@id":"https:\/\/hostcnie.com\/demo\/almed\/#organization","name":"ALMED","url":"https:\/\/hostcnie.com\/demo\/almed\/","logo":{"@type":"ImageObject","inLanguage":"fr-FR","@id":"https:\/\/hostcnie.com\/demo\/almed\/#\/schema\/logo\/image\/","url":"https:\/\/hostcnie.com\/demo\/almed\/wp-content\/uploads\/2023\/09\/logo-almed.jpg","contentUrl":"https:\/\/hostcnie.com\/demo\/almed\/wp-content\/uploads\/2023\/09\/logo-almed.jpg","width":615,"height":239,"caption":"ALMED"},"image":{"@id":"https:\/\/hostcnie.com\/demo\/almed\/#\/schema\/logo\/image\/"}}]}},"_links":{"self":[{"href":"https:\/\/hostcnie.com\/demo\/almed\/wp-json\/wp\/v2\/product\/10324","targetHints":{"allow":["GET"]}}],"collection":[{"href":"https:\/\/hostcnie.com\/demo\/almed\/wp-json\/wp\/v2\/product"}],"about":[{"href":"https:\/\/hostcnie.com\/demo\/almed\/wp-json\/wp\/v2\/types\/product"}],"version-history":[{"count":15,"href":"https:\/\/hostcnie.com\/demo\/almed\/wp-json\/wp\/v2\/product\/10324\/revisions"}],"predecessor-version":[{"id":12649,"href":"https:\/\/hostcnie.com\/demo\/almed\/wp-json\/wp\/v2\/product\/10324\/revisions\/12649"}],"wp:featuredmedia":[{"embeddable":true,"href":"https:\/\/hostcnie.com\/demo\/almed\/wp-json\/wp\/v2\/media\/11017"}],"wp:attachment":[{"href":"https:\/\/hostcnie.com\/demo\/almed\/wp-json\/wp\/v2\/media?parent=10324"}],"wp:term":[{"taxonomy":"product_cat","embeddable":true,"href":"https:\/\/hostcnie.com\/demo\/almed\/wp-json\/wp\/v2\/product_cat?post=10324"},{"taxonomy":"product_tag","embeddable":true,"href":"https:\/\/hostcnie.com\/demo\/almed\/wp-json\/wp\/v2\/product_tag?post=10324"}],"curies":[{"name":"wp","href":"https:\/\/api.w.org\/{rel}","templated":true}]}}