{"id":9300,"date":"2023-06-21T11:44:31","date_gmt":"2023-06-21T09:44:31","guid":{"rendered":"https:\/\/hostcnie.com\/demo\/almed\/?page_id=9300"},"modified":"2023-12-19T11:58:17","modified_gmt":"2023-12-19T10:58:17","slug":"instruments","status":"publish","type":"page","link":"https:\/\/hostcnie.com\/demo\/almed\/instruments\/","title":{"rendered":"Corelab&#038;bloodbanck"},"content":{"rendered":"\t\t<div data-elementor-type=\"wp-page\" data-elementor-id=\"9300\" class=\"elementor elementor-9300\">\n\t\t\t\t\t\t\t\t\t<section class=\"elementor-section elementor-top-section elementor-element elementor-element-22bbcd6 elementor-section-content-middle elementor-reverse-mobile elementor-section-full_width elementor-section-stretched elementor-section-height-default elementor-section-height-default wd-section-disabled\" data-id=\"22bbcd6\" data-element_type=\"section\" data-settings=\"{&quot;stretch_section&quot;:&quot;section-stretched&quot;,&quot;background_background&quot;:&quot;classic&quot;}\">\n\t\t\t\t\t\t<div class=\"elementor-container elementor-column-gap-no\">\n\t\t\t\t\t<div class=\"elementor-column elementor-col-50 elementor-top-column elementor-element elementor-element-403b2a4\" data-id=\"403b2a4\" data-element_type=\"column\">\n\t\t\t<div class=\"elementor-widget-wrap elementor-element-populated\">\n\t\t\t\t\t\t\t\t<div class=\"elementor-element elementor-element-1ca6cef elementor-widget elementor-widget-heading\" data-id=\"1ca6cef\" data-element_type=\"widget\" data-widget_type=\"heading.default\">\n\t\t\t\t<div class=\"elementor-widget-container\">\n\t\t\t<style>\/*! elementor - v3.17.0 - 08-11-2023 *\/\n.elementor-heading-title{padding:0;margin:0;line-height:1}.elementor-widget-heading .elementor-heading-title[class*=elementor-size-]>a{color:inherit;font-size:inherit;line-height:inherit}.elementor-widget-heading .elementor-heading-title.elementor-size-small{font-size:15px}.elementor-widget-heading .elementor-heading-title.elementor-size-medium{font-size:19px}.elementor-widget-heading .elementor-heading-title.elementor-size-large{font-size:29px}.elementor-widget-heading .elementor-heading-title.elementor-size-xl{font-size:39px}.elementor-widget-heading .elementor-heading-title.elementor-size-xxl{font-size:59px}<\/style><h4 class=\"elementor-heading-title elementor-size-default\">ARCHITECT\u00ae<\/h4>\t\t<\/div>\n\t\t\t\t<\/div>\n\t\t\t\t<div class=\"elementor-element elementor-element-a08381f color-scheme-inherit text-left elementor-widget elementor-widget-text-editor\" data-id=\"a08381f\" data-element_type=\"widget\" data-widget_type=\"text-editor.default\">\n\t\t\t\t<div class=\"elementor-widget-container\">\n\t\t\t<style>\/*! elementor - v3.17.0 - 08-11-2023 *\/\n.elementor-widget-text-editor.elementor-drop-cap-view-stacked .elementor-drop-cap{background-color:#69727d;color:#fff}.elementor-widget-text-editor.elementor-drop-cap-view-framed .elementor-drop-cap{color:#69727d;border:3px solid;background-color:transparent}.elementor-widget-text-editor:not(.elementor-drop-cap-view-default) .elementor-drop-cap{margin-top:8px}.elementor-widget-text-editor:not(.elementor-drop-cap-view-default) .elementor-drop-cap-letter{width:1em;height:1em}.elementor-widget-text-editor .elementor-drop-cap{float:left;text-align:center;line-height:1;font-size:50px}.elementor-widget-text-editor .elementor-drop-cap-letter{display:inline-block}<\/style>\t\t\t\t<html>\n<head>\n<title>ALMED<meta name=\"keywords\" content=\"Abbott, Architect, Alinity, Celldyn, Corelab, i1000, i2000, c4000, c8000, ci4100, ci8200\" \/><\/title>\n<\/head>\n<\/html>\n<div>\n<div data-js-component=\"title\">\n\nFAITES L&rsquo;EXP\u00c9RIENCE D&rsquo;UNE V\u00c9RITABLE COMMUNIT\u00c9 DES GAMMES\n\n<\/div>\n<\/div>\n<div>\n<div>\n<p style=\"line-height: 150%;\"><span lang=\"FR\" style=\"font-family: Arial, sans-serif;\">ARCHITECT\u00ae constitue le fondement de la solution globale d&rsquo;Abbott\u00ae Core Laboratory. Offrant une v\u00e9ritable communit\u00e9 des gammes, doubl\u00e9e d&rsquo;une dynamique optimis\u00e9e des dosages et des syst\u00e8mes, la gamme ARCHITECT\u00ae permet une int\u00e9gration sans compromis.<\/span><\/p>\n\n<\/div>\n<\/div>\t\t\t\t\t\t<\/div>\n\t\t\t\t<\/div>\n\t\t\t\t<div class=\"elementor-element elementor-element-4239dca elementor-widget elementor-widget-button\" data-id=\"4239dca\" data-element_type=\"widget\" data-widget_type=\"button.default\">\n\t\t\t\t<div class=\"elementor-widget-container\">\n\t\t\t\t\t<div class=\"elementor-button-wrapper\">\n\t\t\t<a class=\"elementor-button elementor-button-link elementor-size-sm elementor-animation-grow\" href=\"https:\/\/hostcnie.com\/demo\/almed\/architect\/\">\n\t\t\t\t\t\t<span class=\"elementor-button-content-wrapper\">\n\t\t\t\t\t\t<span class=\"elementor-button-text\">Plus de d\u00e9tails<\/span>\n\t\t<\/span>\n\t\t\t\t\t<\/a>\n\t\t<\/div>\n\t\t\t\t<\/div>\n\t\t\t\t<\/div>\n\t\t\t\t\t<\/div>\n\t\t<\/div>\n\t\t\t\t<div class=\"elementor-column elementor-col-50 elementor-top-column elementor-element elementor-element-1388d12\" data-id=\"1388d12\" data-element_type=\"column\">\n\t\t\t<div class=\"elementor-widget-wrap elementor-element-populated\">\n\t\t\t\t\t\t\t\t<div class=\"elementor-element elementor-element-4aa9e6f elementor-widget elementor-widget-wd_image_or_svg\" data-id=\"4aa9e6f\" data-element_type=\"widget\" data-widget_type=\"wd_image_or_svg.default\">\n\t\t\t\t<div class=\"elementor-widget-container\">\n\t\t\t\n\t\t<div class=\"wd-image text-left\">\n\t\t\t\t\t\t\t\t<img loading=\"lazy\" decoding=\"async\" width=\"1027\" height=\"338\" src=\"https:\/\/hostcnie.com\/demo\/almed\/wp-content\/uploads\/2023\/06\/chrome_2B2N3GX1HK.png\" class=\"attachment-large size-large wp-image-9380\" alt=\"\" srcset=\"https:\/\/hostcnie.com\/demo\/almed\/wp-content\/uploads\/2023\/06\/chrome_2B2N3GX1HK.png 1027w, https:\/\/hostcnie.com\/demo\/almed\/wp-content\/uploads\/2023\/06\/chrome_2B2N3GX1HK-400x132.png 400w, https:\/\/hostcnie.com\/demo\/almed\/wp-content\/uploads\/2023\/06\/chrome_2B2N3GX1HK-768x253.png 768w, https:\/\/hostcnie.com\/demo\/almed\/wp-content\/uploads\/2023\/06\/chrome_2B2N3GX1HK-860x283.png 860w, https:\/\/hostcnie.com\/demo\/almed\/wp-content\/uploads\/2023\/06\/chrome_2B2N3GX1HK-430x142.png 430w, https:\/\/hostcnie.com\/demo\/almed\/wp-content\/uploads\/2023\/06\/chrome_2B2N3GX1HK-700x230.png 700w, https:\/\/hostcnie.com\/demo\/almed\/wp-content\/uploads\/2023\/06\/chrome_2B2N3GX1HK-150x49.png 150w\" sizes=\"auto, (max-width: 1027px) 100vw, 1027px\" \/>\t\t\t\t\t<\/div>\n\n\t\t\t\t<\/div>\n\t\t\t\t<\/div>\n\t\t\t\t\t<\/div>\n\t\t<\/div>\n\t\t\t\t\t\t\t<\/div>\n\t\t<\/section>\n\t\t\t\t<section class=\"elementor-section elementor-top-section elementor-element elementor-element-43ab888 elementor-section-content-middle elementor-reverse-mobile elementor-section-full_width elementor-section-stretched elementor-section-height-default elementor-section-height-default wd-section-disabled\" data-id=\"43ab888\" data-element_type=\"section\" data-settings=\"{&quot;stretch_section&quot;:&quot;section-stretched&quot;,&quot;background_background&quot;:&quot;classic&quot;}\">\n\t\t\t\t\t\t<div class=\"elementor-container elementor-column-gap-no\">\n\t\t\t\t\t<div class=\"elementor-column elementor-col-50 elementor-top-column elementor-element elementor-element-cd0d57c\" data-id=\"cd0d57c\" data-element_type=\"column\">\n\t\t\t<div class=\"elementor-widget-wrap elementor-element-populated\">\n\t\t\t\t\t\t\t\t<div class=\"elementor-element elementor-element-860cae1 elementor-widget elementor-widget-heading\" data-id=\"860cae1\" data-element_type=\"widget\" data-widget_type=\"heading.default\">\n\t\t\t\t<div class=\"elementor-widget-container\">\n\t\t\t<h4 class=\"elementor-heading-title elementor-size-default\">ALINITY\u00ae<\/h4>\t\t<\/div>\n\t\t\t\t<\/div>\n\t\t\t\t<div class=\"elementor-element elementor-element-c06f011 color-scheme-inherit text-left elementor-widget elementor-widget-text-editor\" data-id=\"c06f011\" data-element_type=\"widget\" data-widget_type=\"text-editor.default\">\n\t\t\t\t<div class=\"elementor-widget-container\">\n\t\t\t\t\t\t\t<div>CHIMIE CLINIQUE, IMMUNODOSAGE ET SYST\u00c8MES INT\u00c9GR\u00c9S POUR TRANSFORMEZ VOTRE LABORATOIRE.<\/div><p><span style=\"font-family: Arial, sans-serif;\">La gamme Alinity\u00ae est harmonis\u00e9e au sein des principales disciplines de laboratoire, permettant une rationalisation des interactions essentielles entre les individus, les syst\u00e8mes et les informations, et vous permettant de red\u00e9finir les performances de votre laboratoire et de votre \u00e9tablissement.<\/span><\/p>\t\t\t\t\t\t<\/div>\n\t\t\t\t<\/div>\n\t\t\t\t<div class=\"elementor-element elementor-element-ce2e7be elementor-widget elementor-widget-button\" data-id=\"ce2e7be\" data-element_type=\"widget\" data-widget_type=\"button.default\">\n\t\t\t\t<div class=\"elementor-widget-container\">\n\t\t\t\t\t<div class=\"elementor-button-wrapper\">\n\t\t\t<a class=\"elementor-button elementor-button-link elementor-size-sm elementor-animation-grow\" href=\"https:\/\/hostcnie.com\/demo\/almed\/alinity\/\">\n\t\t\t\t\t\t<span class=\"elementor-button-content-wrapper\">\n\t\t\t\t\t\t<span class=\"elementor-button-text\">Plus de d\u00e9tails<\/span>\n\t\t<\/span>\n\t\t\t\t\t<\/a>\n\t\t<\/div>\n\t\t\t\t<\/div>\n\t\t\t\t<\/div>\n\t\t\t\t\t<\/div>\n\t\t<\/div>\n\t\t\t\t<div class=\"elementor-column elementor-col-50 elementor-top-column elementor-element elementor-element-91b27ec\" data-id=\"91b27ec\" data-element_type=\"column\">\n\t\t\t<div class=\"elementor-widget-wrap elementor-element-populated\">\n\t\t\t\t\t\t\t\t<div class=\"elementor-element elementor-element-b0483e2 elementor-widget elementor-widget-wd_image_or_svg\" data-id=\"b0483e2\" data-element_type=\"widget\" data-widget_type=\"wd_image_or_svg.default\">\n\t\t\t\t<div class=\"elementor-widget-container\">\n\t\t\t\n\t\t<div class=\"wd-image text-left\">\n\t\t\t\t\t\t\t\t<img loading=\"lazy\" decoding=\"async\" width=\"1280\" height=\"493\" src=\"https:\/\/hostcnie.com\/demo\/almed\/wp-content\/uploads\/2023\/06\/main-header-product-1457x562-2.png\" class=\"attachment-large size-large wp-image-9314\" alt=\"\" srcset=\"https:\/\/hostcnie.com\/demo\/almed\/wp-content\/uploads\/2023\/06\/main-header-product-1457x562-2.png 1280w, https:\/\/hostcnie.com\/demo\/almed\/wp-content\/uploads\/2023\/06\/main-header-product-1457x562-2-400x154.png 400w, https:\/\/hostcnie.com\/demo\/almed\/wp-content\/uploads\/2023\/06\/main-header-product-1457x562-2-768x296.png 768w, https:\/\/hostcnie.com\/demo\/almed\/wp-content\/uploads\/2023\/06\/main-header-product-1457x562-2-860x331.png 860w, https:\/\/hostcnie.com\/demo\/almed\/wp-content\/uploads\/2023\/06\/main-header-product-1457x562-2-430x166.png 430w, https:\/\/hostcnie.com\/demo\/almed\/wp-content\/uploads\/2023\/06\/main-header-product-1457x562-2-700x270.png 700w, https:\/\/hostcnie.com\/demo\/almed\/wp-content\/uploads\/2023\/06\/main-header-product-1457x562-2-150x58.png 150w\" sizes=\"auto, (max-width: 1280px) 100vw, 1280px\" \/>\t\t\t\t\t<\/div>\n\n\t\t\t\t<\/div>\n\t\t\t\t<\/div>\n\t\t\t\t\t<\/div>\n\t\t<\/div>\n\t\t\t\t\t\t\t<\/div>\n\t\t<\/section>\n\t\t\t\t<section class=\"elementor-section elementor-top-section elementor-element elementor-element-991869d elementor-section-content-middle elementor-reverse-mobile elementor-section-full_width elementor-section-stretched elementor-section-height-default elementor-section-height-default wd-section-disabled\" data-id=\"991869d\" data-element_type=\"section\" data-settings=\"{&quot;stretch_section&quot;:&quot;section-stretched&quot;,&quot;background_background&quot;:&quot;classic&quot;}\">\n\t\t\t\t\t\t<div class=\"elementor-container elementor-column-gap-no\">\n\t\t\t\t\t<div class=\"elementor-column elementor-col-50 elementor-top-column elementor-element elementor-element-a37ba9d\" data-id=\"a37ba9d\" data-element_type=\"column\">\n\t\t\t<div class=\"elementor-widget-wrap elementor-element-populated\">\n\t\t\t\t\t\t\t\t<div class=\"elementor-element elementor-element-dcd171c elementor-widget elementor-widget-heading\" data-id=\"dcd171c\" data-element_type=\"widget\" data-widget_type=\"heading.default\">\n\t\t\t\t<div class=\"elementor-widget-container\">\n\t\t\t<h4 class=\"elementor-heading-title elementor-size-default\">CellDyn\u00ae<\/h4>\t\t<\/div>\n\t\t\t\t<\/div>\n\t\t\t\t<div class=\"elementor-element elementor-element-16dc24d color-scheme-inherit text-left elementor-widget elementor-widget-text-editor\" data-id=\"16dc24d\" data-element_type=\"widget\" data-widget_type=\"text-editor.default\">\n\t\t\t\t<div class=\"elementor-widget-container\">\n\t\t\t\t\t\t\t<p>Avec la gamme CELL DYN, ABBOTT s\u2019engage \u00e0 fournir des r\u00e9sultats de la plus haute qualit\u00e9.\u00a0<\/p><p>C\u2019est une gamme de solutions d&rsquo;h\u00e9matologie comprenant des analyseurs automatis\u00e9s ainsi que des r\u00e9actifs, des calibrateurs et des contr\u00f4les pour les laboratoires traitant diff\u00e9rents volumes d&rsquo;activit\u00e9.<\/p><p>Les offres sont con\u00e7ues pour am\u00e9liorer l&rsquo;efficacit\u00e9 des laboratoires cliniques face \u00e0 l&rsquo;\u00e9volution de l&rsquo;environnement de sant\u00e9 actuel.<\/p>\t\t\t\t\t\t<\/div>\n\t\t\t\t<\/div>\n\t\t\t\t<div class=\"elementor-element elementor-element-e4435c5 elementor-widget elementor-widget-button\" data-id=\"e4435c5\" data-element_type=\"widget\" data-widget_type=\"button.default\">\n\t\t\t\t<div class=\"elementor-widget-container\">\n\t\t\t\t\t<div class=\"elementor-button-wrapper\">\n\t\t\t<a class=\"elementor-button elementor-button-link elementor-size-sm elementor-animation-grow\" href=\"https:\/\/hostcnie.com\/demo\/almed\/cylldyn\/\">\n\t\t\t\t\t\t<span class=\"elementor-button-content-wrapper\">\n\t\t\t\t\t\t<span class=\"elementor-button-text\">Plus de d\u00e9tails<\/span>\n\t\t<\/span>\n\t\t\t\t\t<\/a>\n\t\t<\/div>\n\t\t\t\t<\/div>\n\t\t\t\t<\/div>\n\t\t\t\t\t<\/div>\n\t\t<\/div>\n\t\t\t\t<div class=\"elementor-column elementor-col-50 elementor-top-column elementor-element elementor-element-652efb2\" data-id=\"652efb2\" data-element_type=\"column\">\n\t\t\t<div class=\"elementor-widget-wrap elementor-element-populated\">\n\t\t\t\t\t\t\t\t<div class=\"elementor-element elementor-element-1e8b193 elementor-widget elementor-widget-wd_image_or_svg\" data-id=\"1e8b193\" data-element_type=\"widget\" data-widget_type=\"wd_image_or_svg.default\">\n\t\t\t\t<div class=\"elementor-widget-container\">\n\t\t\t\n\t\t<div class=\"wd-image text-center\">\n\t\t\t\t\t\t\t\t<img loading=\"lazy\" decoding=\"async\" width=\"600\" height=\"350\" src=\"https:\/\/hostcnie.com\/demo\/almed\/wp-content\/uploads\/2023\/12\/celldyn01v1.png\" class=\"attachment-large size-large wp-image-12429\" alt=\"\" srcset=\"https:\/\/hostcnie.com\/demo\/almed\/wp-content\/uploads\/2023\/12\/celldyn01v1.png 600w, https:\/\/hostcnie.com\/demo\/almed\/wp-content\/uploads\/2023\/12\/celldyn01v1-400x233.png 400w, https:\/\/hostcnie.com\/demo\/almed\/wp-content\/uploads\/2023\/12\/celldyn01v1-430x251.png 430w, https:\/\/hostcnie.com\/demo\/almed\/wp-content\/uploads\/2023\/12\/celldyn01v1-150x88.png 150w\" sizes=\"auto, (max-width: 600px) 100vw, 600px\" \/>\t\t\t\t\t<\/div>\n\n\t\t\t\t<\/div>\n\t\t\t\t<\/div>\n\t\t\t\t\t<\/div>\n\t\t<\/div>\n\t\t\t\t\t\t\t<\/div>\n\t\t<\/section>\n\t\t\t\t<section class=\"elementor-section elementor-top-section elementor-element elementor-element-2ecc509 elementor-section-content-middle elementor-reverse-mobile elementor-section-full_width elementor-section-stretched elementor-section-height-default elementor-section-height-default wd-section-disabled\" data-id=\"2ecc509\" data-element_type=\"section\" data-settings=\"{&quot;stretch_section&quot;:&quot;section-stretched&quot;,&quot;background_background&quot;:&quot;classic&quot;}\">\n\t\t\t\t\t\t<div class=\"elementor-container elementor-column-gap-no\">\n\t\t\t\t\t<div class=\"elementor-column elementor-col-50 elementor-top-column elementor-element elementor-element-dd163ab\" data-id=\"dd163ab\" data-element_type=\"column\">\n\t\t\t<div class=\"elementor-widget-wrap elementor-element-populated\">\n\t\t\t\t\t\t\t\t<div class=\"elementor-element elementor-element-11354c4 elementor-widget elementor-widget-wd_title\" data-id=\"11354c4\" data-element_type=\"widget\" data-widget_type=\"wd_title.default\">\n\t\t\t\t<div class=\"elementor-widget-container\">\n\t\t\t\t\t<div class=\"title-wrapper set-mb-s reset-last-child wd-title-color-default wd-title-style-default wd-title-size-default text-center\">\n\n\t\t\t\n\t\t\t<div class=\"liner-continer\">\n\t\t\t\t<h1 class=\"woodmart-title-container title wd-fontsize-l\">Pour plus d'informations sur les diff\u00e9rents Produits ALMED<br \/>\n contactez-nous<\/h1> \n\t\t\t\t\t\t\t<\/div>\n\n\t\t\t\t\t<\/div>\n\t\t\t\t<\/div>\n\t\t\t\t<\/div>\n\t\t\t\t\t<\/div>\n\t\t<\/div>\n\t\t\t\t<div class=\"elementor-column elementor-col-50 elementor-top-column elementor-element elementor-element-988dafa\" data-id=\"988dafa\" data-element_type=\"column\">\n\t\t\t<div class=\"elementor-widget-wrap elementor-element-populated\">\n\t\t\t\t\t\t\t\t<div class=\"elementor-element elementor-element-4c47102 elementor-widget elementor-widget-wd_title\" data-id=\"4c47102\" data-element_type=\"widget\" data-widget_type=\"wd_title.default\">\n\t\t\t\t<div class=\"elementor-widget-container\">\n\t\t\t\t\t<div class=\"title-wrapper set-mb-s reset-last-child wd-title-color-default wd-title-style-default wd-title-size-default text-left\">\n\n\t\t\t\n\t\t\t<div class=\"liner-continer\">\n\t\t\t\t<h1 class=\"woodmart-title-container title wd-fontsize-l\"><\/h1> \n\t\t\t\t\t\t\t<\/div>\n\n\t\t\t\t\t<\/div>\n\t\t\t\t<\/div>\n\t\t\t\t<\/div>\n\t\t\t\t<div class=\"elementor-element elementor-element-da44de9 elementor-align-left elementor-widget elementor-widget-button\" data-id=\"da44de9\" data-element_type=\"widget\" data-widget_type=\"button.default\">\n\t\t\t\t<div class=\"elementor-widget-container\">\n\t\t\t\t\t<div class=\"elementor-button-wrapper\">\n\t\t\t<a class=\"elementor-button elementor-button-link elementor-size-sm elementor-animation-grow\" href=\"https:\/\/hostcnie.com\/demo\/almed\/contactez-nous\/\">\n\t\t\t\t\t\t<span class=\"elementor-button-content-wrapper\">\n\t\t\t\t\t\t<span class=\"elementor-button-text\">Contactez nous<\/span>\n\t\t<\/span>\n\t\t\t\t\t<\/a>\n\t\t<\/div>\n\t\t\t\t<\/div>\n\t\t\t\t<\/div>\n\t\t\t\t<div class=\"elementor-element elementor-element-0abfb4b elementor-widget__width-initial elementor-widget elementor-widget-wd_title\" data-id=\"0abfb4b\" data-element_type=\"widget\" data-widget_type=\"wd_title.default\">\n\t\t\t\t<div class=\"elementor-widget-container\">\n\t\t\t\t\t<div class=\"title-wrapper set-mb-s reset-last-child wd-title-color-default wd-title-style-default wd-title-size-default text-left\">\n\n\t\t\t\n\t\t\t<div class=\"liner-continer\">\n\t\t\t\t<h1 class=\"woodmart-title-container title wd-fontsize-l\"><\/h1> \n\t\t\t\t\t\t\t<\/div>\n\n\t\t\t\t\t<\/div>\n\t\t\t\t<\/div>\n\t\t\t\t<\/div>\n\t\t\t\t\t<\/div>\n\t\t<\/div>\n\t\t\t\t\t\t\t<\/div>\n\t\t<\/section>\n\t\t\t\t\t\t\t<\/div>\n\t\t","protected":false},"excerpt":{"rendered":"<p>ARCHITECT\u00ae ALMED FAITES L&rsquo;EXP\u00c9RIENCE D&rsquo;UNE V\u00c9RITABLE COMMUNIT\u00c9 DES GAMMES ARCHITECT\u00ae constitue le fondement de la solution globale d&rsquo;Abbott\u00ae Core Laboratory.<\/p>\n","protected":false},"author":1,"featured_media":0,"parent":0,"menu_order":0,"comment_status":"closed","ping_status":"closed","template":"","meta":{"footnotes":""},"class_list":["post-9300","page","type-page","status-publish","hentry"],"yoast_head":"<!-- This site is optimized with the Yoast SEO plugin v21.7 - https:\/\/yoast.com\/wordpress\/plugins\/seo\/ -->\n<title>Corelab&amp;bloodbanck - ALMED<\/title>\n<meta name=\"robots\" content=\"index, follow, max-snippet:-1, max-image-preview:large, max-video-preview:-1\" \/>\n<link rel=\"canonical\" href=\"https:\/\/hostcnie.com\/demo\/almed\/instruments\/\" \/>\n<meta property=\"og:locale\" content=\"fr_FR\" \/>\n<meta property=\"og:type\" content=\"article\" \/>\n<meta property=\"og:title\" content=\"Corelab&amp;bloodbanck - ALMED\" \/>\n<meta property=\"og:description\" content=\"ARCHITECT\u00ae ALMED FAITES L&rsquo;EXP\u00c9RIENCE D&rsquo;UNE V\u00c9RITABLE COMMUNIT\u00c9 DES GAMMES ARCHITECT\u00ae constitue le fondement de la solution globale d&rsquo;Abbott\u00ae Core Laboratory.\" \/>\n<meta property=\"og:url\" content=\"https:\/\/hostcnie.com\/demo\/almed\/instruments\/\" \/>\n<meta property=\"og:site_name\" content=\"ALMED\" \/>\n<meta property=\"article:modified_time\" content=\"2023-12-19T10:58:17+00:00\" \/>\n<meta property=\"og:image\" content=\"https:\/\/hostcnie.com\/demo\/almed\/wp-content\/uploads\/2023\/06\/chrome_2B2N3GX1HK.png\" \/>\n<meta name=\"twitter:card\" content=\"summary_large_image\" \/>\n<meta name=\"twitter:label1\" content=\"Dur\u00e9e de lecture estim\u00e9e\" \/>\n\t<meta name=\"twitter:data1\" content=\"1 minute\" \/>\n<script type=\"application\/ld+json\" class=\"yoast-schema-graph\">{\"@context\":\"https:\/\/schema.org\",\"@graph\":[{\"@type\":\"WebPage\",\"@id\":\"https:\/\/hostcnie.com\/demo\/almed\/instruments\/\",\"url\":\"https:\/\/hostcnie.com\/demo\/almed\/instruments\/\",\"name\":\"Corelab&bloodbanck - ALMED\",\"isPartOf\":{\"@id\":\"https:\/\/hostcnie.com\/demo\/almed\/#website\"},\"datePublished\":\"2023-06-21T09:44:31+00:00\",\"dateModified\":\"2023-12-19T10:58:17+00:00\",\"breadcrumb\":{\"@id\":\"https:\/\/hostcnie.com\/demo\/almed\/instruments\/#breadcrumb\"},\"inLanguage\":\"fr-FR\",\"potentialAction\":[{\"@type\":\"ReadAction\",\"target\":[\"https:\/\/hostcnie.com\/demo\/almed\/instruments\/\"]}]},{\"@type\":\"BreadcrumbList\",\"@id\":\"https:\/\/hostcnie.com\/demo\/almed\/instruments\/#breadcrumb\",\"itemListElement\":[{\"@type\":\"ListItem\",\"position\":1,\"name\":\"Accueil\",\"item\":\"https:\/\/hostcnie.com\/demo\/almed\/\"},{\"@type\":\"ListItem\",\"position\":2,\"name\":\"Corelab&#038;bloodbanck\"}]},{\"@type\":\"WebSite\",\"@id\":\"https:\/\/hostcnie.com\/demo\/almed\/#website\",\"url\":\"https:\/\/hostcnie.com\/demo\/almed\/\",\"name\":\"ALMED\",\"description\":\"Importateur et distributeur de mat\u00e9riel m\u00e9dical et de r\u00e9actifs en Alg\u00e9rie\",\"publisher\":{\"@id\":\"https:\/\/hostcnie.com\/demo\/almed\/#organization\"},\"potentialAction\":[{\"@type\":\"SearchAction\",\"target\":{\"@type\":\"EntryPoint\",\"urlTemplate\":\"https:\/\/hostcnie.com\/demo\/almed\/?s={search_term_string}\"},\"query-input\":\"required name=search_term_string\"}],\"inLanguage\":\"fr-FR\"},{\"@type\":\"Organization\",\"@id\":\"https:\/\/hostcnie.com\/demo\/almed\/#organization\",\"name\":\"ALMED\",\"url\":\"https:\/\/hostcnie.com\/demo\/almed\/\",\"logo\":{\"@type\":\"ImageObject\",\"inLanguage\":\"fr-FR\",\"@id\":\"https:\/\/hostcnie.com\/demo\/almed\/#\/schema\/logo\/image\/\",\"url\":\"https:\/\/hostcnie.com\/demo\/almed\/wp-content\/uploads\/2023\/09\/logo-almed.jpg\",\"contentUrl\":\"https:\/\/hostcnie.com\/demo\/almed\/wp-content\/uploads\/2023\/09\/logo-almed.jpg\",\"width\":615,\"height\":239,\"caption\":\"ALMED\"},\"image\":{\"@id\":\"https:\/\/hostcnie.com\/demo\/almed\/#\/schema\/logo\/image\/\"}}]}<\/script>\n<!-- \/ Yoast SEO plugin. -->","yoast_head_json":{"title":"Corelab&bloodbanck - ALMED","robots":{"index":"index","follow":"follow","max-snippet":"max-snippet:-1","max-image-preview":"max-image-preview:large","max-video-preview":"max-video-preview:-1"},"canonical":"https:\/\/hostcnie.com\/demo\/almed\/instruments\/","og_locale":"fr_FR","og_type":"article","og_title":"Corelab&bloodbanck - ALMED","og_description":"ARCHITECT\u00ae ALMED FAITES L&rsquo;EXP\u00c9RIENCE D&rsquo;UNE V\u00c9RITABLE COMMUNIT\u00c9 DES GAMMES ARCHITECT\u00ae constitue le fondement de la solution globale d&rsquo;Abbott\u00ae Core Laboratory.","og_url":"https:\/\/hostcnie.com\/demo\/almed\/instruments\/","og_site_name":"ALMED","article_modified_time":"2023-12-19T10:58:17+00:00","og_image":[{"url":"https:\/\/hostcnie.com\/demo\/almed\/wp-content\/uploads\/2023\/06\/chrome_2B2N3GX1HK.png"}],"twitter_card":"summary_large_image","twitter_misc":{"Dur\u00e9e de lecture estim\u00e9e":"1 minute"},"schema":{"@context":"https:\/\/schema.org","@graph":[{"@type":"WebPage","@id":"https:\/\/hostcnie.com\/demo\/almed\/instruments\/","url":"https:\/\/hostcnie.com\/demo\/almed\/instruments\/","name":"Corelab&bloodbanck - ALMED","isPartOf":{"@id":"https:\/\/hostcnie.com\/demo\/almed\/#website"},"datePublished":"2023-06-21T09:44:31+00:00","dateModified":"2023-12-19T10:58:17+00:00","breadcrumb":{"@id":"https:\/\/hostcnie.com\/demo\/almed\/instruments\/#breadcrumb"},"inLanguage":"fr-FR","potentialAction":[{"@type":"ReadAction","target":["https:\/\/hostcnie.com\/demo\/almed\/instruments\/"]}]},{"@type":"BreadcrumbList","@id":"https:\/\/hostcnie.com\/demo\/almed\/instruments\/#breadcrumb","itemListElement":[{"@type":"ListItem","position":1,"name":"Accueil","item":"https:\/\/hostcnie.com\/demo\/almed\/"},{"@type":"ListItem","position":2,"name":"Corelab&#038;bloodbanck"}]},{"@type":"WebSite","@id":"https:\/\/hostcnie.com\/demo\/almed\/#website","url":"https:\/\/hostcnie.com\/demo\/almed\/","name":"ALMED","description":"Importateur et distributeur de mat\u00e9riel m\u00e9dical et de r\u00e9actifs en Alg\u00e9rie","publisher":{"@id":"https:\/\/hostcnie.com\/demo\/almed\/#organization"},"potentialAction":[{"@type":"SearchAction","target":{"@type":"EntryPoint","urlTemplate":"https:\/\/hostcnie.com\/demo\/almed\/?s={search_term_string}"},"query-input":"required name=search_term_string"}],"inLanguage":"fr-FR"},{"@type":"Organization","@id":"https:\/\/hostcnie.com\/demo\/almed\/#organization","name":"ALMED","url":"https:\/\/hostcnie.com\/demo\/almed\/","logo":{"@type":"ImageObject","inLanguage":"fr-FR","@id":"https:\/\/hostcnie.com\/demo\/almed\/#\/schema\/logo\/image\/","url":"https:\/\/hostcnie.com\/demo\/almed\/wp-content\/uploads\/2023\/09\/logo-almed.jpg","contentUrl":"https:\/\/hostcnie.com\/demo\/almed\/wp-content\/uploads\/2023\/09\/logo-almed.jpg","width":615,"height":239,"caption":"ALMED"},"image":{"@id":"https:\/\/hostcnie.com\/demo\/almed\/#\/schema\/logo\/image\/"}}]}},"_links":{"self":[{"href":"https:\/\/hostcnie.com\/demo\/almed\/wp-json\/wp\/v2\/pages\/9300","targetHints":{"allow":["GET"]}}],"collection":[{"href":"https:\/\/hostcnie.com\/demo\/almed\/wp-json\/wp\/v2\/pages"}],"about":[{"href":"https:\/\/hostcnie.com\/demo\/almed\/wp-json\/wp\/v2\/types\/page"}],"author":[{"embeddable":true,"href":"https:\/\/hostcnie.com\/demo\/almed\/wp-json\/wp\/v2\/users\/1"}],"replies":[{"embeddable":true,"href":"https:\/\/hostcnie.com\/demo\/almed\/wp-json\/wp\/v2\/comments?post=9300"}],"version-history":[{"count":256,"href":"https:\/\/hostcnie.com\/demo\/almed\/wp-json\/wp\/v2\/pages\/9300\/revisions"}],"predecessor-version":[{"id":12565,"href":"https:\/\/hostcnie.com\/demo\/almed\/wp-json\/wp\/v2\/pages\/9300\/revisions\/12565"}],"wp:attachment":[{"href":"https:\/\/hostcnie.com\/demo\/almed\/wp-json\/wp\/v2\/media?parent=9300"}],"curies":[{"name":"wp","href":"https:\/\/api.w.org\/{rel}","templated":true}]}}