{"id":11449,"date":"2023-11-13T16:12:55","date_gmt":"2023-11-13T15:12:55","guid":{"rendered":"https:\/\/hostcnie.com\/demo\/almed\/?page_id=11449"},"modified":"2023-12-21T16:02:41","modified_gmt":"2023-12-21T15:02:41","slug":"automatisation-2","status":"publish","type":"page","link":"https:\/\/hostcnie.com\/demo\/almed\/automatisation-2\/","title":{"rendered":"Automatisation"},"content":{"rendered":"\t\t<div data-elementor-type=\"wp-page\" data-elementor-id=\"11449\" class=\"elementor elementor-11449\">\n\t\t\t\t\t\t\t\t\t<section class=\"elementor-section elementor-top-section elementor-element elementor-element-5b207f1 elementor-section-content-middle elementor-reverse-mobile elementor-section-full_width elementor-section-stretched elementor-section-height-default elementor-section-height-default wd-section-disabled\" data-id=\"5b207f1\" data-element_type=\"section\" data-settings=\"{&quot;stretch_section&quot;:&quot;section-stretched&quot;,&quot;background_background&quot;:&quot;classic&quot;}\">\n\t\t\t\t\t\t<div class=\"elementor-container elementor-column-gap-no\">\n\t\t\t\t\t<div class=\"elementor-column elementor-col-50 elementor-top-column elementor-element elementor-element-19beeca\" data-id=\"19beeca\" data-element_type=\"column\">\n\t\t\t<div class=\"elementor-widget-wrap elementor-element-populated\">\n\t\t\t\t\t\t\t\t<div class=\"elementor-element elementor-element-d67e9d2 elementor-widget elementor-widget-heading\" data-id=\"d67e9d2\" data-element_type=\"widget\" data-widget_type=\"heading.default\">\n\t\t\t\t<div class=\"elementor-widget-container\">\n\t\t\t<style>\/*! elementor - v3.17.0 - 08-11-2023 *\/\n.elementor-heading-title{padding:0;margin:0;line-height:1}.elementor-widget-heading .elementor-heading-title[class*=elementor-size-]>a{color:inherit;font-size:inherit;line-height:inherit}.elementor-widget-heading .elementor-heading-title.elementor-size-small{font-size:15px}.elementor-widget-heading .elementor-heading-title.elementor-size-medium{font-size:19px}.elementor-widget-heading .elementor-heading-title.elementor-size-large{font-size:29px}.elementor-widget-heading .elementor-heading-title.elementor-size-xl{font-size:39px}.elementor-widget-heading .elementor-heading-title.elementor-size-xxl{font-size:59px}<\/style><h4 class=\"elementor-heading-title elementor-size-default\">GLP Systems\u00ae<\/h4>\t\t<\/div>\n\t\t\t\t<\/div>\n\t\t\t\t<div class=\"elementor-element elementor-element-deddd82 elementor-widget__width-initial force_justify color-scheme-inherit text-left elementor-widget elementor-widget-text-editor\" data-id=\"deddd82\" data-element_type=\"widget\" data-widget_type=\"text-editor.default\">\n\t\t\t\t<div class=\"elementor-widget-container\">\n\t\t\t<style>\/*! elementor - v3.17.0 - 08-11-2023 *\/\n.elementor-widget-text-editor.elementor-drop-cap-view-stacked .elementor-drop-cap{background-color:#69727d;color:#fff}.elementor-widget-text-editor.elementor-drop-cap-view-framed .elementor-drop-cap{color:#69727d;border:3px solid;background-color:transparent}.elementor-widget-text-editor:not(.elementor-drop-cap-view-default) .elementor-drop-cap{margin-top:8px}.elementor-widget-text-editor:not(.elementor-drop-cap-view-default) .elementor-drop-cap-letter{width:1em;height:1em}.elementor-widget-text-editor .elementor-drop-cap{float:left;text-align:center;line-height:1;font-size:50px}.elementor-widget-text-editor .elementor-drop-cap-letter{display:inline-block}<\/style>\t\t\t\t<html>\n<head>\n<title>ALMED<meta name=\"keywords\" content=\"Abbott, Architect, Alinity, Celldyn, Corelab, i1000, i2000, c4000, c8000, ci4100, ci8200\" \/><\/title>\n<\/head>\n<\/html>\n<span style=\"font-family: Arial, sans-serif; font-size: 12pt; color: #808080; background-color: var(--wd-main-bgcolor);\">LA LIBERT\u00c9 DE CHANGER<\/span>\n<p class=\"MsoNormal\"><span style=\"color: #808080;\"><span style=\"font-family: Arial, sans-serif; font-size: 12pt; background-color: var(--wd-main-bgcolor);\">Avec GLP systems Track, \u00e9liminez le risque et la rigidit\u00e9 inh\u00e9rents \u00e0 une automatisation immuable. D\u00e9couvrez la libert\u00e9 de changer, gr\u00e2ce \u00e0 une conception de piste facile \u00e0 modifier<\/span><span lang=\"FR\">.<\/span><\/span><\/p>\t\t\t\t\t\t<\/div>\n\t\t\t\t<\/div>\n\t\t\t\t<div class=\"elementor-element elementor-element-55aa80b elementor-widget elementor-widget-button\" data-id=\"55aa80b\" data-element_type=\"widget\" data-widget_type=\"button.default\">\n\t\t\t\t<div class=\"elementor-widget-container\">\n\t\t\t\t\t<div class=\"elementor-button-wrapper\">\n\t\t\t<a class=\"elementor-button elementor-button-link elementor-size-sm elementor-animation-grow\" href=\"https:\/\/hostcnie.com\/demo\/almed\/glp-systems\/\">\n\t\t\t\t\t\t<span class=\"elementor-button-content-wrapper\">\n\t\t\t\t\t\t<span class=\"elementor-button-text\">Plus de d\u00e9tails<\/span>\n\t\t<\/span>\n\t\t\t\t\t<\/a>\n\t\t<\/div>\n\t\t\t\t<\/div>\n\t\t\t\t<\/div>\n\t\t\t\t\t<\/div>\n\t\t<\/div>\n\t\t\t\t<div class=\"elementor-column elementor-col-50 elementor-top-column elementor-element elementor-element-1767cf3\" data-id=\"1767cf3\" data-element_type=\"column\">\n\t\t\t<div class=\"elementor-widget-wrap elementor-element-populated\">\n\t\t\t\t\t\t\t\t<div class=\"elementor-element elementor-element-06fcbc8 elementor-widget elementor-widget-wd_image_or_svg\" data-id=\"06fcbc8\" data-element_type=\"widget\" data-widget_type=\"wd_image_or_svg.default\">\n\t\t\t\t<div class=\"elementor-widget-container\">\n\t\t\t\n\t\t<div class=\"wd-image text-center\">\n\t\t\t\t\t\t\t\t<img loading=\"lazy\" decoding=\"async\" width=\"562\" height=\"361\" src=\"https:\/\/hostcnie.com\/demo\/almed\/wp-content\/uploads\/2023\/11\/glp-system01.png\" class=\"attachment-large size-large wp-image-11632\" alt=\"\" srcset=\"https:\/\/hostcnie.com\/demo\/almed\/wp-content\/uploads\/2023\/11\/glp-system01.png 562w, https:\/\/hostcnie.com\/demo\/almed\/wp-content\/uploads\/2023\/11\/glp-system01-400x257.png 400w, https:\/\/hostcnie.com\/demo\/almed\/wp-content\/uploads\/2023\/11\/glp-system01-430x276.png 430w, https:\/\/hostcnie.com\/demo\/almed\/wp-content\/uploads\/2023\/11\/glp-system01-150x96.png 150w\" sizes=\"auto, (max-width: 562px) 100vw, 562px\" \/>\t\t\t\t\t<\/div>\n\n\t\t\t\t<\/div>\n\t\t\t\t<\/div>\n\t\t\t\t\t<\/div>\n\t\t<\/div>\n\t\t\t\t\t\t\t<\/div>\n\t\t<\/section>\n\t\t\t\t<section class=\"elementor-section elementor-top-section elementor-element elementor-element-af09f8e elementor-section-content-middle elementor-reverse-mobile elementor-section-full_width elementor-section-stretched elementor-section-height-default elementor-section-height-default wd-section-disabled\" data-id=\"af09f8e\" data-element_type=\"section\" data-settings=\"{&quot;stretch_section&quot;:&quot;section-stretched&quot;,&quot;background_background&quot;:&quot;classic&quot;}\">\n\t\t\t\t\t\t<div class=\"elementor-container elementor-column-gap-no\">\n\t\t\t\t\t<div class=\"elementor-column elementor-col-50 elementor-top-column elementor-element elementor-element-21e830a\" data-id=\"21e830a\" data-element_type=\"column\">\n\t\t\t<div class=\"elementor-widget-wrap elementor-element-populated\">\n\t\t\t\t\t\t\t\t<div class=\"elementor-element elementor-element-a8401c4 elementor-widget elementor-widget-heading\" data-id=\"a8401c4\" data-element_type=\"widget\" data-widget_type=\"heading.default\">\n\t\t\t\t<div class=\"elementor-widget-container\">\n\t\t\t<h4 class=\"elementor-heading-title elementor-size-default\">Accelerator\u00ae<\/h4>\t\t<\/div>\n\t\t\t\t<\/div>\n\t\t\t\t<div class=\"elementor-element elementor-element-12427f3 color-scheme-inherit text-left elementor-widget elementor-widget-text-editor\" data-id=\"12427f3\" data-element_type=\"widget\" data-widget_type=\"text-editor.default\">\n\t\t\t\t<div class=\"elementor-widget-container\">\n\t\t\t\t\t\t\t<div class=\"title\"><div id=\"title-d7ae5966f5\" class=\"cmp-title\" data-js-component=\"title\"><p style=\"margin-bottom: var(--wd-tags-mb); font-style: normal; font-variant-ligatures: normal; font-variant-caps: normal; font-weight: 400; font-family: Cabin, Arial, Helvetica, sans-serif; font-size: 16px; color: #777777; white-space-collapse: preserve; background-color: #ffffff;\"><span style=\"font-family: Arial, sans-serif; font-size: 12pt; background-color: var(--wd-main-bgcolor);\">L&rsquo;ACCELERATOR<\/span><span style=\"font-size: 16px; text-align: left; background-color: var(--wd-main-bgcolor);\"><span style=\"font-family: Arial, sans-serif; font-size: 16px;\">\u00ae<\/span><\/span><span style=\"font-family: Arial, sans-serif; font-size: 12pt; background-color: var(--wd-main-bgcolor);\">\u00a0\u00a0<\/span><span style=\"color: #808080;\"><i style=\"font-family: Arial, sans-serif; font-size: 12pt; background-color: var(--wd-main-bgcolor);\">a<\/i><\/span><span style=\"font-family: Arial, sans-serif; font-size: 12pt; background-color: var(--wd-main-bgcolor);\">3600 est un <\/span><span style=\"font-family: Arial, sans-serif; font-size: 12pt; background-color: var(--wd-main-bgcolor);\">syst\u00e8me de laboratoire enti\u00e8rement automatis\u00e9 qui fournit la puissance et la <\/span><span style=\"font-family: Arial, sans-serif; font-size: 12pt; background-color: var(--wd-main-bgcolor);\">flexibilit\u00e9 n\u00e9cessaires pour r\u00e9pondre aux besoins du laboratoire d&rsquo;aujourd&rsquo;hui <\/span><span style=\"font-family: Arial, sans-serif; font-size: 12pt; background-color: var(--wd-main-bgcolor);\">et de demain.\u00a0<\/span><\/p><p style=\"margin-bottom: var(--wd-tags-mb); font-style: normal; font-variant-ligatures: normal; font-variant-caps: normal; font-weight: 400; font-family: Cabin, Arial, Helvetica, sans-serif; font-size: 16px; color: #777777; white-space-collapse: preserve; background-color: #ffffff;\"><span style=\"font-family: Arial, sans-serif; font-size: 12pt; background-color: var(--wd-main-bgcolor);\">Associ\u00e9 \u00e0 des solutions informatiques et aux principes <\/span><span style=\"font-family: Arial, sans-serif; font-size: 12pt; background-color: var(--wd-main-bgcolor);\">LEAN, l&rsquo;ACCELERATOR<\/span><span style=\"font-size: 16px; text-align: left; background-color: var(--wd-main-bgcolor);\"><span style=\"font-family: Arial, sans-serif; font-size: 16px;\">\u00ae<\/span><\/span><span style=\"font-family: Arial, sans-serif; font-size: 12pt; background-color: var(--wd-main-bgcolor);\">\u00a0\u00a0<\/span><span style=\"color: #808080;\"><i style=\"font-family: Arial, sans-serif; font-size: 12pt; background-color: var(--wd-main-bgcolor);\">a<\/i><\/span><span style=\"font-family: Arial, sans-serif; font-size: 12pt; background-color: var(--wd-main-bgcolor);\">3600 garantit une efficacit\u00e9 <\/span><span style=\"font-family: Arial, sans-serif; font-size: 12pt; background-color: var(--wd-main-bgcolor);\">maximale gr\u00e2ce \u00e0 une manipulation coh\u00e9rente et pr\u00e9visible des \u00e9chantillons et <\/span><span style=\"font-family: Arial, sans-serif; font-size: 12pt; background-color: var(--wd-main-bgcolor);\">contribue \u00e0 de meilleurs soins aux patients gr\u00e2ce \u00e0 un risque d&rsquo;erreurs plus <\/span><span style=\"font-family: Arial, sans-serif; font-size: 12pt; background-color: var(--wd-main-bgcolor);\">faible.<\/span><\/p><\/div><\/div><div class=\"text\"><div id=\"text-5a18b9f339\" class=\"cmp-text\">\u00a0<\/div><\/div>\t\t\t\t\t\t<\/div>\n\t\t\t\t<\/div>\n\t\t\t\t<div class=\"elementor-element elementor-element-b873aa0 elementor-widget elementor-widget-button\" data-id=\"b873aa0\" data-element_type=\"widget\" data-widget_type=\"button.default\">\n\t\t\t\t<div class=\"elementor-widget-container\">\n\t\t\t\t\t<div class=\"elementor-button-wrapper\">\n\t\t\t<a class=\"elementor-button elementor-button-link elementor-size-sm elementor-animation-grow\" href=\"https:\/\/hostcnie.com\/demo\/almed\/accelerator\/\">\n\t\t\t\t\t\t<span class=\"elementor-button-content-wrapper\">\n\t\t\t\t\t\t<span class=\"elementor-button-text\">Plus de d\u00e9tails<\/span>\n\t\t<\/span>\n\t\t\t\t\t<\/a>\n\t\t<\/div>\n\t\t\t\t<\/div>\n\t\t\t\t<\/div>\n\t\t\t\t\t<\/div>\n\t\t<\/div>\n\t\t\t\t<div class=\"elementor-column elementor-col-50 elementor-top-column elementor-element elementor-element-1874776\" data-id=\"1874776\" data-element_type=\"column\">\n\t\t\t<div class=\"elementor-widget-wrap elementor-element-populated\">\n\t\t\t\t\t\t\t\t<div class=\"elementor-element elementor-element-5fb679f elementor-widget elementor-widget-wd_image_or_svg\" data-id=\"5fb679f\" data-element_type=\"widget\" data-widget_type=\"wd_image_or_svg.default\">\n\t\t\t\t<div class=\"elementor-widget-container\">\n\t\t\t\n\t\t<div class=\"wd-image text-center\">\n\t\t\t\t\t\t\t\t<img loading=\"lazy\" decoding=\"async\" width=\"409\" height=\"308\" src=\"https:\/\/hostcnie.com\/demo\/almed\/wp-content\/uploads\/2023\/11\/ACCELERATOR.png\" class=\"attachment-large size-large wp-image-11101\" alt=\"\" srcset=\"https:\/\/hostcnie.com\/demo\/almed\/wp-content\/uploads\/2023\/11\/ACCELERATOR.png 409w, https:\/\/hostcnie.com\/demo\/almed\/wp-content\/uploads\/2023\/11\/ACCELERATOR-398x300.png 398w, https:\/\/hostcnie.com\/demo\/almed\/wp-content\/uploads\/2023\/11\/ACCELERATOR-150x113.png 150w\" sizes=\"auto, (max-width: 409px) 100vw, 409px\" \/>\t\t\t\t\t<\/div>\n\n\t\t\t\t<\/div>\n\t\t\t\t<\/div>\n\t\t\t\t\t<\/div>\n\t\t<\/div>\n\t\t\t\t\t\t\t<\/div>\n\t\t<\/section>\n\t\t\t\t\t\t\t<\/div>\n\t\t","protected":false},"excerpt":{"rendered":"<p>GLP Systems\u00ae ALMED LA LIBERT\u00c9 DE CHANGER Avec GLP systems Track, \u00e9liminez le risque et la rigidit\u00e9 inh\u00e9rents \u00e0 une<\/p>\n","protected":false},"author":1,"featured_media":0,"parent":0,"menu_order":0,"comment_status":"closed","ping_status":"closed","template":"","meta":{"footnotes":""},"class_list":["post-11449","page","type-page","status-publish","hentry"],"yoast_head":"<!-- This site is optimized with the Yoast SEO plugin v21.7 - https:\/\/yoast.com\/wordpress\/plugins\/seo\/ -->\n<title>Automatisation - ALMED<\/title>\n<meta name=\"robots\" content=\"index, follow, max-snippet:-1, max-image-preview:large, max-video-preview:-1\" \/>\n<link rel=\"canonical\" href=\"https:\/\/hostcnie.com\/demo\/almed\/automatisation-2\/\" \/>\n<meta property=\"og:locale\" content=\"fr_FR\" \/>\n<meta property=\"og:type\" content=\"article\" \/>\n<meta property=\"og:title\" content=\"Automatisation - ALMED\" \/>\n<meta property=\"og:description\" content=\"GLP Systems\u00ae ALMED LA LIBERT\u00c9 DE CHANGER Avec GLP systems Track, \u00e9liminez le risque et la rigidit\u00e9 inh\u00e9rents \u00e0 une\" \/>\n<meta property=\"og:url\" content=\"https:\/\/hostcnie.com\/demo\/almed\/automatisation-2\/\" \/>\n<meta property=\"og:site_name\" content=\"ALMED\" \/>\n<meta property=\"article:modified_time\" content=\"2023-12-21T15:02:41+00:00\" \/>\n<meta property=\"og:image\" content=\"https:\/\/hostcnie.com\/demo\/almed\/wp-content\/uploads\/2023\/11\/glp-system01.png\" \/>\n<meta name=\"twitter:card\" content=\"summary_large_image\" \/>\n<meta name=\"twitter:label1\" content=\"Dur\u00e9e de lecture estim\u00e9e\" \/>\n\t<meta name=\"twitter:data1\" content=\"1 minute\" \/>\n<script type=\"application\/ld+json\" class=\"yoast-schema-graph\">{\"@context\":\"https:\/\/schema.org\",\"@graph\":[{\"@type\":\"WebPage\",\"@id\":\"https:\/\/hostcnie.com\/demo\/almed\/automatisation-2\/\",\"url\":\"https:\/\/hostcnie.com\/demo\/almed\/automatisation-2\/\",\"name\":\"Automatisation - ALMED\",\"isPartOf\":{\"@id\":\"https:\/\/hostcnie.com\/demo\/almed\/#website\"},\"datePublished\":\"2023-11-13T15:12:55+00:00\",\"dateModified\":\"2023-12-21T15:02:41+00:00\",\"breadcrumb\":{\"@id\":\"https:\/\/hostcnie.com\/demo\/almed\/automatisation-2\/#breadcrumb\"},\"inLanguage\":\"fr-FR\",\"potentialAction\":[{\"@type\":\"ReadAction\",\"target\":[\"https:\/\/hostcnie.com\/demo\/almed\/automatisation-2\/\"]}]},{\"@type\":\"BreadcrumbList\",\"@id\":\"https:\/\/hostcnie.com\/demo\/almed\/automatisation-2\/#breadcrumb\",\"itemListElement\":[{\"@type\":\"ListItem\",\"position\":1,\"name\":\"Accueil\",\"item\":\"https:\/\/hostcnie.com\/demo\/almed\/\"},{\"@type\":\"ListItem\",\"position\":2,\"name\":\"Automatisation\"}]},{\"@type\":\"WebSite\",\"@id\":\"https:\/\/hostcnie.com\/demo\/almed\/#website\",\"url\":\"https:\/\/hostcnie.com\/demo\/almed\/\",\"name\":\"ALMED\",\"description\":\"Importateur et distributeur de mat\u00e9riel m\u00e9dical et de r\u00e9actifs en Alg\u00e9rie\",\"publisher\":{\"@id\":\"https:\/\/hostcnie.com\/demo\/almed\/#organization\"},\"potentialAction\":[{\"@type\":\"SearchAction\",\"target\":{\"@type\":\"EntryPoint\",\"urlTemplate\":\"https:\/\/hostcnie.com\/demo\/almed\/?s={search_term_string}\"},\"query-input\":\"required name=search_term_string\"}],\"inLanguage\":\"fr-FR\"},{\"@type\":\"Organization\",\"@id\":\"https:\/\/hostcnie.com\/demo\/almed\/#organization\",\"name\":\"ALMED\",\"url\":\"https:\/\/hostcnie.com\/demo\/almed\/\",\"logo\":{\"@type\":\"ImageObject\",\"inLanguage\":\"fr-FR\",\"@id\":\"https:\/\/hostcnie.com\/demo\/almed\/#\/schema\/logo\/image\/\",\"url\":\"https:\/\/hostcnie.com\/demo\/almed\/wp-content\/uploads\/2023\/09\/logo-almed.jpg\",\"contentUrl\":\"https:\/\/hostcnie.com\/demo\/almed\/wp-content\/uploads\/2023\/09\/logo-almed.jpg\",\"width\":615,\"height\":239,\"caption\":\"ALMED\"},\"image\":{\"@id\":\"https:\/\/hostcnie.com\/demo\/almed\/#\/schema\/logo\/image\/\"}}]}<\/script>\n<!-- \/ Yoast SEO plugin. -->","yoast_head_json":{"title":"Automatisation - ALMED","robots":{"index":"index","follow":"follow","max-snippet":"max-snippet:-1","max-image-preview":"max-image-preview:large","max-video-preview":"max-video-preview:-1"},"canonical":"https:\/\/hostcnie.com\/demo\/almed\/automatisation-2\/","og_locale":"fr_FR","og_type":"article","og_title":"Automatisation - ALMED","og_description":"GLP Systems\u00ae ALMED LA LIBERT\u00c9 DE CHANGER Avec GLP systems Track, \u00e9liminez le risque et la rigidit\u00e9 inh\u00e9rents \u00e0 une","og_url":"https:\/\/hostcnie.com\/demo\/almed\/automatisation-2\/","og_site_name":"ALMED","article_modified_time":"2023-12-21T15:02:41+00:00","og_image":[{"url":"https:\/\/hostcnie.com\/demo\/almed\/wp-content\/uploads\/2023\/11\/glp-system01.png"}],"twitter_card":"summary_large_image","twitter_misc":{"Dur\u00e9e de lecture estim\u00e9e":"1 minute"},"schema":{"@context":"https:\/\/schema.org","@graph":[{"@type":"WebPage","@id":"https:\/\/hostcnie.com\/demo\/almed\/automatisation-2\/","url":"https:\/\/hostcnie.com\/demo\/almed\/automatisation-2\/","name":"Automatisation - ALMED","isPartOf":{"@id":"https:\/\/hostcnie.com\/demo\/almed\/#website"},"datePublished":"2023-11-13T15:12:55+00:00","dateModified":"2023-12-21T15:02:41+00:00","breadcrumb":{"@id":"https:\/\/hostcnie.com\/demo\/almed\/automatisation-2\/#breadcrumb"},"inLanguage":"fr-FR","potentialAction":[{"@type":"ReadAction","target":["https:\/\/hostcnie.com\/demo\/almed\/automatisation-2\/"]}]},{"@type":"BreadcrumbList","@id":"https:\/\/hostcnie.com\/demo\/almed\/automatisation-2\/#breadcrumb","itemListElement":[{"@type":"ListItem","position":1,"name":"Accueil","item":"https:\/\/hostcnie.com\/demo\/almed\/"},{"@type":"ListItem","position":2,"name":"Automatisation"}]},{"@type":"WebSite","@id":"https:\/\/hostcnie.com\/demo\/almed\/#website","url":"https:\/\/hostcnie.com\/demo\/almed\/","name":"ALMED","description":"Importateur et distributeur de mat\u00e9riel m\u00e9dical et de r\u00e9actifs en Alg\u00e9rie","publisher":{"@id":"https:\/\/hostcnie.com\/demo\/almed\/#organization"},"potentialAction":[{"@type":"SearchAction","target":{"@type":"EntryPoint","urlTemplate":"https:\/\/hostcnie.com\/demo\/almed\/?s={search_term_string}"},"query-input":"required name=search_term_string"}],"inLanguage":"fr-FR"},{"@type":"Organization","@id":"https:\/\/hostcnie.com\/demo\/almed\/#organization","name":"ALMED","url":"https:\/\/hostcnie.com\/demo\/almed\/","logo":{"@type":"ImageObject","inLanguage":"fr-FR","@id":"https:\/\/hostcnie.com\/demo\/almed\/#\/schema\/logo\/image\/","url":"https:\/\/hostcnie.com\/demo\/almed\/wp-content\/uploads\/2023\/09\/logo-almed.jpg","contentUrl":"https:\/\/hostcnie.com\/demo\/almed\/wp-content\/uploads\/2023\/09\/logo-almed.jpg","width":615,"height":239,"caption":"ALMED"},"image":{"@id":"https:\/\/hostcnie.com\/demo\/almed\/#\/schema\/logo\/image\/"}}]}},"_links":{"self":[{"href":"https:\/\/hostcnie.com\/demo\/almed\/wp-json\/wp\/v2\/pages\/11449","targetHints":{"allow":["GET"]}}],"collection":[{"href":"https:\/\/hostcnie.com\/demo\/almed\/wp-json\/wp\/v2\/pages"}],"about":[{"href":"https:\/\/hostcnie.com\/demo\/almed\/wp-json\/wp\/v2\/types\/page"}],"author":[{"embeddable":true,"href":"https:\/\/hostcnie.com\/demo\/almed\/wp-json\/wp\/v2\/users\/1"}],"replies":[{"embeddable":true,"href":"https:\/\/hostcnie.com\/demo\/almed\/wp-json\/wp\/v2\/comments?post=11449"}],"version-history":[{"count":46,"href":"https:\/\/hostcnie.com\/demo\/almed\/wp-json\/wp\/v2\/pages\/11449\/revisions"}],"predecessor-version":[{"id":12640,"href":"https:\/\/hostcnie.com\/demo\/almed\/wp-json\/wp\/v2\/pages\/11449\/revisions\/12640"}],"wp:attachment":[{"href":"https:\/\/hostcnie.com\/demo\/almed\/wp-json\/wp\/v2\/media?parent=11449"}],"curies":[{"name":"wp","href":"https:\/\/api.w.org\/{rel}","templated":true}]}}