{"id":10775,"date":"2023-09-27T09:40:26","date_gmt":"2023-09-27T07:40:26","guid":{"rendered":"https:\/\/hostcnie.com\/demo\/almed\/?page_id=10775"},"modified":"2023-12-19T11:59:27","modified_gmt":"2023-12-19T10:59:27","slug":"byg","status":"publish","type":"page","link":"https:\/\/hostcnie.com\/demo\/almed\/byg\/","title":{"rendered":"EVM"},"content":{"rendered":"\t\t<div data-elementor-type=\"wp-page\" data-elementor-id=\"10775\" class=\"elementor elementor-10775\">\n\t\t\t\t\t\t\t\t\t<section class=\"wd-negative-gap elementor-section elementor-top-section elementor-element elementor-element-ebd4c18 elementor-reverse-tablet elementor-reverse-mobile elementor-section-boxed elementor-section-height-default elementor-section-height-default wd-section-disabled\" data-id=\"ebd4c18\" data-element_type=\"section\">\n\t\t\t\t\t\t<div class=\"elementor-container elementor-column-gap-default\">\n\t\t\t\t\t<div class=\"elementor-column elementor-col-33 elementor-top-column elementor-element elementor-element-fd183e0\" data-id=\"fd183e0\" data-element_type=\"column\">\n\t\t\t<div class=\"elementor-widget-wrap elementor-element-populated\">\n\t\t\t\t\t\t\t\t<div class=\"elementor-element elementor-element-b195434 elementor-widget__width-initial force_justify elementor-widget elementor-widget-wd_title\" data-id=\"b195434\" data-element_type=\"widget\" data-widget_type=\"wd_title.default\">\n\t\t\t\t<div class=\"elementor-widget-container\">\n\t\t\t\t\t<div class=\"title-wrapper set-mb-s reset-last-child wd-title-color-primary wd-title-style-default wd-title-size-medium text-left\">\n\n\t\t\t\n\t\t\t<div class=\"liner-continer\">\n\t\t\t\t<h4 class=\"woodmart-title-container title wd-fontsize-xl\">EVM\u00ae<\/h4> \n\t\t\t\t\t\t\t<\/div>\n\n\t\t\t\t\t<\/div>\n\t\t\t\t<\/div>\n\t\t\t\t<\/div>\n\t\t\t\t<div class=\"elementor-element elementor-element-220ef00 color-scheme-inherit text-left elementor-widget elementor-widget-text-editor\" data-id=\"220ef00\" data-element_type=\"widget\" data-widget_type=\"text-editor.default\">\n\t\t\t\t<div class=\"elementor-widget-container\">\n\t\t\t<style>\/*! elementor - v3.17.0 - 08-11-2023 *\/\n.elementor-widget-text-editor.elementor-drop-cap-view-stacked .elementor-drop-cap{background-color:#69727d;color:#fff}.elementor-widget-text-editor.elementor-drop-cap-view-framed .elementor-drop-cap{color:#69727d;border:3px solid;background-color:transparent}.elementor-widget-text-editor:not(.elementor-drop-cap-view-default) .elementor-drop-cap{margin-top:8px}.elementor-widget-text-editor:not(.elementor-drop-cap-view-default) .elementor-drop-cap-letter{width:1em;height:1em}.elementor-widget-text-editor .elementor-drop-cap{float:left;text-align:center;line-height:1;font-size:50px}.elementor-widget-text-editor .elementor-drop-cap-letter{display:inline-block}<\/style>\t\t\t\t<html>\n<head>\n<title>ALMED<meta name=\"keywords\" content=\"Abbott, Architect, Alinity, Celldyn, Corelab, i1000, i2000, c4000, c8000, ci4100, ci8200\" \/><\/title>\n<\/head>\n<\/html>\n<div>\n<div data-js-component=\"title\">\n<p style=\"margin-bottom: var(--wd-tags-mb); background-color: #ffffff; white-space-collapse: preserve; font-weight: 400; font-variant-caps: normal; font-variant-ligatures: normal; font-style: normal; font-size: 16px; font-family: Cabin, Arial, Helvetica, sans-serif; color: #777777;\"><span style=\"color: #808080;\"><span style=\"padding: 0cm; font-style: normal; font-variant-ligatures: normal; font-variant-caps: normal; font-weight: 400; font-family: Arial, sans-serif; font-size: 16px; text-align: left; background-color: var(--wd-main-bgcolor); border: 1pt none windowtext;\">Le logiciel EVM\u00ae a \u00e9t\u00e9 con\u00e7u pour assurer toutes les op\u00e9rations relatives \u00e0 la gestion de la production et de la Qualit\u00e9 des laboratoires de biologie m\u00e9dicale.\n<\/span><span style=\"font-family: Arial, sans-serif; font-size: 16px; background-color: var(--wd-main-bgcolor);\">EVM\u00ae g\u00e8re les flux de donn\u00e9es des phases pr\u00e9-analytiques, analytiques et post-analytiques et am\u00e9liore ainsi l&rsquo;efficacit\u00e9 globale de votre laboratoire. <\/span><\/span><\/p>\n<p style=\"margin-bottom: var(--wd-tags-mb); white-space-collapse: preserve; font-weight: 400; font-variant-caps: normal; font-variant-ligatures: normal; font-style: normal; font-size: 16px; font-family: Cabin, Arial, Helvetica, sans-serif; color: #777777;\"><span style=\"padding: 0cm; font-style: normal; font-variant-ligatures: normal; font-variant-caps: normal; font-weight: 400; font-family: Arial, sans-serif; font-size: 16px; text-align: left; color: #808080; border: 1pt none windowtext;\">Il est aussi ouvert \u00e0 tous les SIL et pilote tous les instruments quelle que soit leur discipline.<\/span><\/p>\n\n<\/div>\n<\/div>\t\t\t\t\t\t<\/div>\n\t\t\t\t<\/div>\n\t\t\t\t\t<\/div>\n\t\t<\/div>\n\t\t\t\t<div class=\"elementor-column elementor-col-33 elementor-top-column elementor-element elementor-element-15cddf2\" data-id=\"15cddf2\" data-element_type=\"column\">\n\t\t\t<div class=\"elementor-widget-wrap\">\n\t\t\t\t\t\t\t\t\t<\/div>\n\t\t<\/div>\n\t\t\t\t<div class=\"elementor-column elementor-col-33 elementor-top-column elementor-element elementor-element-4882140\" data-id=\"4882140\" data-element_type=\"column\">\n\t\t\t<div class=\"elementor-widget-wrap elementor-element-populated\">\n\t\t\t\t\t\t\t\t<div class=\"elementor-element elementor-element-d754d11 elementor-widget elementor-widget-wd_image_or_svg\" data-id=\"d754d11\" data-element_type=\"widget\" data-widget_type=\"wd_image_or_svg.default\">\n\t\t\t\t<div class=\"elementor-widget-container\">\n\t\t\t\n\t\t<div class=\"wd-image text-left\">\n\t\t\t\t\t\t\t\t<img loading=\"lazy\" decoding=\"async\" width=\"1776\" height=\"1453\" src=\"https:\/\/hostcnie.com\/demo\/almed\/wp-content\/uploads\/2023\/12\/EVMv2.png\" class=\"attachment-2048x2048 size-2048x2048 wp-image-12128\" alt=\"\" srcset=\"https:\/\/hostcnie.com\/demo\/almed\/wp-content\/uploads\/2023\/12\/EVMv2.png 1776w, https:\/\/hostcnie.com\/demo\/almed\/wp-content\/uploads\/2023\/12\/EVMv2-367x300.png 367w, https:\/\/hostcnie.com\/demo\/almed\/wp-content\/uploads\/2023\/12\/EVMv2-978x800.png 978w, https:\/\/hostcnie.com\/demo\/almed\/wp-content\/uploads\/2023\/12\/EVMv2-768x628.png 768w, https:\/\/hostcnie.com\/demo\/almed\/wp-content\/uploads\/2023\/12\/EVMv2-1536x1257.png 1536w, https:\/\/hostcnie.com\/demo\/almed\/wp-content\/uploads\/2023\/12\/EVMv2-860x704.png 860w, https:\/\/hostcnie.com\/demo\/almed\/wp-content\/uploads\/2023\/12\/EVMv2-430x352.png 430w, https:\/\/hostcnie.com\/demo\/almed\/wp-content\/uploads\/2023\/12\/EVMv2-700x573.png 700w, https:\/\/hostcnie.com\/demo\/almed\/wp-content\/uploads\/2023\/12\/EVMv2-150x123.png 150w\" sizes=\"auto, (max-width: 1776px) 100vw, 1776px\" \/>\t\t\t\t\t<\/div>\n\n\t\t\t\t<\/div>\n\t\t\t\t<\/div>\n\t\t\t\t\t<\/div>\n\t\t<\/div>\n\t\t\t\t\t\t\t<\/div>\n\t\t<\/section>\n\t\t\t\t\t\t\t<\/div>\n\t\t","protected":false},"excerpt":{"rendered":"<p>EVM\u00ae ALMED Le logiciel EVM\u00ae a \u00e9t\u00e9 con\u00e7u pour assurer toutes les op\u00e9rations relatives \u00e0 la gestion de la production<\/p>\n","protected":false},"author":1,"featured_media":0,"parent":0,"menu_order":0,"comment_status":"closed","ping_status":"closed","template":"","meta":{"footnotes":""},"class_list":["post-10775","page","type-page","status-publish","hentry"],"yoast_head":"<!-- This site is optimized with the Yoast SEO plugin v21.7 - https:\/\/yoast.com\/wordpress\/plugins\/seo\/ -->\n<title>EVM - ALMED<\/title>\n<meta name=\"robots\" content=\"index, follow, max-snippet:-1, max-image-preview:large, max-video-preview:-1\" \/>\n<link rel=\"canonical\" href=\"https:\/\/hostcnie.com\/demo\/almed\/byg\/\" \/>\n<meta property=\"og:locale\" content=\"fr_FR\" \/>\n<meta property=\"og:type\" content=\"article\" \/>\n<meta property=\"og:title\" content=\"EVM - ALMED\" \/>\n<meta property=\"og:description\" content=\"EVM\u00ae ALMED Le logiciel EVM\u00ae a \u00e9t\u00e9 con\u00e7u pour assurer toutes les op\u00e9rations relatives \u00e0 la gestion de la production\" \/>\n<meta property=\"og:url\" content=\"https:\/\/hostcnie.com\/demo\/almed\/byg\/\" \/>\n<meta property=\"og:site_name\" content=\"ALMED\" \/>\n<meta property=\"article:modified_time\" content=\"2023-12-19T10:59:27+00:00\" \/>\n<meta property=\"og:image\" content=\"https:\/\/hostcnie.com\/demo\/almed\/wp-content\/uploads\/2023\/12\/EVMv2.png\" \/>\n<meta name=\"twitter:card\" content=\"summary_large_image\" \/>\n<script type=\"application\/ld+json\" class=\"yoast-schema-graph\">{\"@context\":\"https:\/\/schema.org\",\"@graph\":[{\"@type\":\"WebPage\",\"@id\":\"https:\/\/hostcnie.com\/demo\/almed\/byg\/\",\"url\":\"https:\/\/hostcnie.com\/demo\/almed\/byg\/\",\"name\":\"EVM - ALMED\",\"isPartOf\":{\"@id\":\"https:\/\/hostcnie.com\/demo\/almed\/#website\"},\"datePublished\":\"2023-09-27T07:40:26+00:00\",\"dateModified\":\"2023-12-19T10:59:27+00:00\",\"breadcrumb\":{\"@id\":\"https:\/\/hostcnie.com\/demo\/almed\/byg\/#breadcrumb\"},\"inLanguage\":\"fr-FR\",\"potentialAction\":[{\"@type\":\"ReadAction\",\"target\":[\"https:\/\/hostcnie.com\/demo\/almed\/byg\/\"]}]},{\"@type\":\"BreadcrumbList\",\"@id\":\"https:\/\/hostcnie.com\/demo\/almed\/byg\/#breadcrumb\",\"itemListElement\":[{\"@type\":\"ListItem\",\"position\":1,\"name\":\"Accueil\",\"item\":\"https:\/\/hostcnie.com\/demo\/almed\/\"},{\"@type\":\"ListItem\",\"position\":2,\"name\":\"EVM\"}]},{\"@type\":\"WebSite\",\"@id\":\"https:\/\/hostcnie.com\/demo\/almed\/#website\",\"url\":\"https:\/\/hostcnie.com\/demo\/almed\/\",\"name\":\"ALMED\",\"description\":\"Importateur et distributeur de mat\u00e9riel m\u00e9dical et de r\u00e9actifs en Alg\u00e9rie\",\"publisher\":{\"@id\":\"https:\/\/hostcnie.com\/demo\/almed\/#organization\"},\"potentialAction\":[{\"@type\":\"SearchAction\",\"target\":{\"@type\":\"EntryPoint\",\"urlTemplate\":\"https:\/\/hostcnie.com\/demo\/almed\/?s={search_term_string}\"},\"query-input\":\"required name=search_term_string\"}],\"inLanguage\":\"fr-FR\"},{\"@type\":\"Organization\",\"@id\":\"https:\/\/hostcnie.com\/demo\/almed\/#organization\",\"name\":\"ALMED\",\"url\":\"https:\/\/hostcnie.com\/demo\/almed\/\",\"logo\":{\"@type\":\"ImageObject\",\"inLanguage\":\"fr-FR\",\"@id\":\"https:\/\/hostcnie.com\/demo\/almed\/#\/schema\/logo\/image\/\",\"url\":\"https:\/\/hostcnie.com\/demo\/almed\/wp-content\/uploads\/2023\/09\/logo-almed.jpg\",\"contentUrl\":\"https:\/\/hostcnie.com\/demo\/almed\/wp-content\/uploads\/2023\/09\/logo-almed.jpg\",\"width\":615,\"height\":239,\"caption\":\"ALMED\"},\"image\":{\"@id\":\"https:\/\/hostcnie.com\/demo\/almed\/#\/schema\/logo\/image\/\"}}]}<\/script>\n<!-- \/ Yoast SEO plugin. -->","yoast_head_json":{"title":"EVM - ALMED","robots":{"index":"index","follow":"follow","max-snippet":"max-snippet:-1","max-image-preview":"max-image-preview:large","max-video-preview":"max-video-preview:-1"},"canonical":"https:\/\/hostcnie.com\/demo\/almed\/byg\/","og_locale":"fr_FR","og_type":"article","og_title":"EVM - ALMED","og_description":"EVM\u00ae ALMED Le logiciel EVM\u00ae a \u00e9t\u00e9 con\u00e7u pour assurer toutes les op\u00e9rations relatives \u00e0 la gestion de la production","og_url":"https:\/\/hostcnie.com\/demo\/almed\/byg\/","og_site_name":"ALMED","article_modified_time":"2023-12-19T10:59:27+00:00","og_image":[{"url":"https:\/\/hostcnie.com\/demo\/almed\/wp-content\/uploads\/2023\/12\/EVMv2.png"}],"twitter_card":"summary_large_image","schema":{"@context":"https:\/\/schema.org","@graph":[{"@type":"WebPage","@id":"https:\/\/hostcnie.com\/demo\/almed\/byg\/","url":"https:\/\/hostcnie.com\/demo\/almed\/byg\/","name":"EVM - ALMED","isPartOf":{"@id":"https:\/\/hostcnie.com\/demo\/almed\/#website"},"datePublished":"2023-09-27T07:40:26+00:00","dateModified":"2023-12-19T10:59:27+00:00","breadcrumb":{"@id":"https:\/\/hostcnie.com\/demo\/almed\/byg\/#breadcrumb"},"inLanguage":"fr-FR","potentialAction":[{"@type":"ReadAction","target":["https:\/\/hostcnie.com\/demo\/almed\/byg\/"]}]},{"@type":"BreadcrumbList","@id":"https:\/\/hostcnie.com\/demo\/almed\/byg\/#breadcrumb","itemListElement":[{"@type":"ListItem","position":1,"name":"Accueil","item":"https:\/\/hostcnie.com\/demo\/almed\/"},{"@type":"ListItem","position":2,"name":"EVM"}]},{"@type":"WebSite","@id":"https:\/\/hostcnie.com\/demo\/almed\/#website","url":"https:\/\/hostcnie.com\/demo\/almed\/","name":"ALMED","description":"Importateur et distributeur de mat\u00e9riel m\u00e9dical et de r\u00e9actifs en Alg\u00e9rie","publisher":{"@id":"https:\/\/hostcnie.com\/demo\/almed\/#organization"},"potentialAction":[{"@type":"SearchAction","target":{"@type":"EntryPoint","urlTemplate":"https:\/\/hostcnie.com\/demo\/almed\/?s={search_term_string}"},"query-input":"required name=search_term_string"}],"inLanguage":"fr-FR"},{"@type":"Organization","@id":"https:\/\/hostcnie.com\/demo\/almed\/#organization","name":"ALMED","url":"https:\/\/hostcnie.com\/demo\/almed\/","logo":{"@type":"ImageObject","inLanguage":"fr-FR","@id":"https:\/\/hostcnie.com\/demo\/almed\/#\/schema\/logo\/image\/","url":"https:\/\/hostcnie.com\/demo\/almed\/wp-content\/uploads\/2023\/09\/logo-almed.jpg","contentUrl":"https:\/\/hostcnie.com\/demo\/almed\/wp-content\/uploads\/2023\/09\/logo-almed.jpg","width":615,"height":239,"caption":"ALMED"},"image":{"@id":"https:\/\/hostcnie.com\/demo\/almed\/#\/schema\/logo\/image\/"}}]}},"_links":{"self":[{"href":"https:\/\/hostcnie.com\/demo\/almed\/wp-json\/wp\/v2\/pages\/10775","targetHints":{"allow":["GET"]}}],"collection":[{"href":"https:\/\/hostcnie.com\/demo\/almed\/wp-json\/wp\/v2\/pages"}],"about":[{"href":"https:\/\/hostcnie.com\/demo\/almed\/wp-json\/wp\/v2\/types\/page"}],"author":[{"embeddable":true,"href":"https:\/\/hostcnie.com\/demo\/almed\/wp-json\/wp\/v2\/users\/1"}],"replies":[{"embeddable":true,"href":"https:\/\/hostcnie.com\/demo\/almed\/wp-json\/wp\/v2\/comments?post=10775"}],"version-history":[{"count":60,"href":"https:\/\/hostcnie.com\/demo\/almed\/wp-json\/wp\/v2\/pages\/10775\/revisions"}],"predecessor-version":[{"id":12571,"href":"https:\/\/hostcnie.com\/demo\/almed\/wp-json\/wp\/v2\/pages\/10775\/revisions\/12571"}],"wp:attachment":[{"href":"https:\/\/hostcnie.com\/demo\/almed\/wp-json\/wp\/v2\/media?parent=10775"}],"curies":[{"name":"wp","href":"https:\/\/api.w.org\/{rel}","templated":true}]}}