{"id":10704,"date":"2023-09-25T12:06:41","date_gmt":"2023-09-25T10:06:41","guid":{"rendered":"https:\/\/hostcnie.com\/demo\/almed\/?page_id=10704"},"modified":"2023-12-24T15:26:24","modified_gmt":"2023-12-24T14:26:24","slug":"ims","status":"publish","type":"page","link":"https:\/\/hostcnie.com\/demo\/almed\/ims\/","title":{"rendered":"IMS"},"content":{"rendered":"\t\t<div data-elementor-type=\"wp-page\" data-elementor-id=\"10704\" class=\"elementor elementor-10704\">\n\t\t\t\t\t\t\t\t\t<section class=\"elementor-section elementor-top-section elementor-element elementor-element-aeaba6b elementor-section-full_width elementor-section-stretched elementor-section-height-default elementor-section-height-default wd-section-disabled\" data-id=\"aeaba6b\" data-element_type=\"section\" data-settings=\"{&quot;stretch_section&quot;:&quot;section-stretched&quot;,&quot;background_background&quot;:&quot;classic&quot;}\">\n\t\t\t\t\t\t<div class=\"elementor-container elementor-column-gap-default\">\n\t\t\t\t\t<div class=\"elementor-column elementor-col-100 elementor-top-column elementor-element elementor-element-f851ed3\" data-id=\"f851ed3\" data-element_type=\"column\">\n\t\t\t<div class=\"elementor-widget-wrap elementor-element-populated\">\n\t\t\t\t\t\t\t\t<div class=\"elementor-element elementor-element-a26d046 elementor-widget__width-initial force_justify elementor-widget elementor-widget-wd_title\" data-id=\"a26d046\" data-element_type=\"widget\" data-widget_type=\"wd_title.default\">\n\t\t\t\t<div class=\"elementor-widget-container\">\n\t\t\t\t\t<div class=\"title-wrapper set-mb-s reset-last-child wd-title-color-primary wd-title-style-default wd-title-size-medium text-center\">\n\n\t\t\t\n\t\t\t<div class=\"liner-continer\">\n\t\t\t\t<h4 class=\"woodmart-title-container title wd-fontsize-xl\">ALINITY IQ\u00ae <\/h4> \n\t\t\t\t\t\t\t<\/div>\n\n\t\t\t\t\t<\/div>\n\t\t\t\t<\/div>\n\t\t\t\t<\/div>\n\t\t\t\t<div class=\"elementor-element elementor-element-500b61d elementor-widget__width-initial force_justify elementor-widget elementor-widget-wd_title\" data-id=\"500b61d\" data-element_type=\"widget\" data-widget_type=\"wd_title.default\">\n\t\t\t\t<div class=\"elementor-widget-container\">\n\t\t\t\t\t<div class=\"title-wrapper set-mb-s reset-last-child wd-title-color-primary wd-title-style-default wd-title-size-small text-center\">\n\n\t\t\t\n\t\t\t<div class=\"liner-continer\">\n\t\t\t\t<h6 class=\"woodmart-title-container title wd-fontsize-m\">SYSTEME DE GESTION DES STOCKS<\/h6> \n\t\t\t\t\t\t\t<\/div>\n\n\t\t\t\t\t<\/div>\n\t\t\t\t<\/div>\n\t\t\t\t<\/div>\n\t\t\t\t\t<\/div>\n\t\t<\/div>\n\t\t\t\t\t\t\t<\/div>\n\t\t<\/section>\n\t\t\t\t<section class=\"wd-negative-gap elementor-section elementor-top-section elementor-element elementor-element-34aa3c4e elementor-reverse-tablet elementor-reverse-mobile elementor-section-boxed elementor-section-height-default elementor-section-height-default wd-section-disabled\" data-id=\"34aa3c4e\" data-element_type=\"section\">\n\t\t\t\t\t\t<div class=\"elementor-container elementor-column-gap-default\">\n\t\t\t\t\t<div class=\"elementor-column elementor-col-33 elementor-top-column elementor-element elementor-element-6ab573c\" data-id=\"6ab573c\" data-element_type=\"column\">\n\t\t\t<div class=\"elementor-widget-wrap elementor-element-populated\">\n\t\t\t\t\t\t\t\t<div class=\"elementor-element elementor-element-2af4c63 elementor-widget__width-initial force_justify elementor-widget elementor-widget-wd_title\" data-id=\"2af4c63\" data-element_type=\"widget\" data-widget_type=\"wd_title.default\">\n\t\t\t\t<div class=\"elementor-widget-container\">\n\t\t\t\t\t<div class=\"title-wrapper set-mb-s reset-last-child wd-title-color-primary wd-title-style-default wd-title-size-small text-left\">\n\n\t\t\t\n\t\t\t<div class=\"liner-continer\">\n\t\t\t\t<h6 class=\"woodmart-title-container title wd-fontsize-m\">LA GESTION DES STOCKS EST ESSENTIELLE<\/h6> \n\t\t\t\t\t\t\t<\/div>\n\n\t\t\t\t\t<\/div>\n\t\t\t\t<\/div>\n\t\t\t\t<\/div>\n\t\t\t\t<div class=\"elementor-element elementor-element-620a529e elementor-widget__width-initial force_justify elementor-widget elementor-widget-wd_text_block\" data-id=\"620a529e\" data-element_type=\"widget\" data-widget_type=\"wd_text_block.default\">\n\t\t\t\t<div class=\"elementor-widget-container\">\n\t\t\t\t\t<div class=\"wd-text-block reset-last-child text-left\">\n\t\t\t\n\t\t\t<div style=\"color: #808080; text-align: justify;\">La gestion de la cha\u00eene d'approvisionnement en laboratoire est souvent inefficace et prend du temps.\u00a0<br \/>Le suivi manuel des stocks augmente le temps de travail et augmente les taux d'erreur.\u00a0<br \/>L\u2019\u00e9tat des stocks inconnu entra\u00eene des p\u00e9nuries d\u2019articles sensibles ou un surstockage et du gaspillage.\u00a0<\/div><div style=\"color: #808080; text-align: justify;\">Les p\u00e9nuries de stocks peuvent avoir un impact sur la rapidit\u00e9 des soins aux patients.<\/div>\n\t\t\t\t\t<\/div>\n\t\t\t\t<\/div>\n\t\t\t\t<\/div>\n\t\t\t\t<div class=\"elementor-element elementor-element-b2abe0b elementor-widget__width-initial force_justify elementor-widget elementor-widget-wd_title\" data-id=\"b2abe0b\" data-element_type=\"widget\" data-widget_type=\"wd_title.default\">\n\t\t\t\t<div class=\"elementor-widget-container\">\n\t\t\t\t\t<div class=\"title-wrapper set-mb-s reset-last-child wd-title-color-primary wd-title-style-default wd-title-size-small text-left\">\n\n\t\t\t\n\t\t\t<div class=\"liner-continer\">\n\t\t\t\t<h6 class=\"woodmart-title-container title wd-fontsize-m\">DES SOLUTIONS INNOVANTES POUR LES D\u00c9FIS QUOTIDIENS<\/h6> \n\t\t\t\t\t\t\t<\/div>\n\n\t\t\t\t\t<\/div>\n\t\t\t\t<\/div>\n\t\t\t\t<\/div>\n\t\t\t\t<div class=\"elementor-element elementor-element-25b5960 elementor-widget__width-initial force_justify elementor-widget elementor-widget-wd_text_block\" data-id=\"25b5960\" data-element_type=\"widget\" data-widget_type=\"wd_text_block.default\">\n\t\t\t\t<div class=\"elementor-widget-container\">\n\t\t\t\t\t<div class=\"wd-text-block reset-last-child text-left\">\n\t\t\t\n\t\t\t<p><span style=\"color: #808080;\">La technologie d'identification par radiofr\u00e9quence (RFID) derri\u00e8re AlinIQ IMS automatise la r\u00e9ception des marchandises et le suivi des stocks sans avoir besoin d'une ligne de vue directe.\u00a0<\/span><\/p><p><span style=\"color: #808080;\">Il fournit l'\u00e9tat des stocks en temps r\u00e9el, minimise les interruptions des soins aux patients dues \u00e0 des stocks manquants ou expir\u00e9s et permet de r\u00e9aliser des \u00e9conomies en r\u00e9duisant les pertes cach\u00e9es et les co\u00fbts op\u00e9rationnels.<\/span><\/p>\n\t\t\t\t\t<\/div>\n\t\t\t\t<\/div>\n\t\t\t\t<\/div>\n\t\t\t\t<div class=\"elementor-element elementor-element-8864562 elementor-widget__width-initial force_justify elementor-widget elementor-widget-wd_title\" data-id=\"8864562\" data-element_type=\"widget\" data-widget_type=\"wd_title.default\">\n\t\t\t\t<div class=\"elementor-widget-container\">\n\t\t\t\t\t<div class=\"title-wrapper set-mb-s reset-last-child wd-title-color-primary wd-title-style-default wd-title-size-small text-left\">\n\n\t\t\t\n\t\t\t<div class=\"liner-continer\">\n\t\t\t\t<h6 class=\"woodmart-title-container title wd-fontsize-m\">G\u00c9RER LES PRODUITS NON-ABBOTT<\/h6> \n\t\t\t\t\t\t\t<\/div>\n\n\t\t\t\t\t<\/div>\n\t\t\t\t<\/div>\n\t\t\t\t<\/div>\n\t\t\t\t<div class=\"elementor-element elementor-element-0dfa19a elementor-widget__width-initial force_justify elementor-widget elementor-widget-wd_text_block\" data-id=\"0dfa19a\" data-element_type=\"widget\" data-widget_type=\"wd_text_block.default\">\n\t\t\t\t<div class=\"elementor-widget-container\">\n\t\t\t\t\t<div class=\"wd-text-block reset-last-child text-left\">\n\t\t\t\n\t\t\t<p><span style=\"color: #808080;\">AlinIQ IMS est un syst\u00e8me ouvert qui vous permet d'int\u00e9grer et de g\u00e9rer des produits non-Abbott en g\u00e9n\u00e9rant des \u00e9tiquettes RFID pour les r\u00e9actifs non-Abbott.<\/span><\/p>\n\t\t\t\t\t<\/div>\n\t\t\t\t<\/div>\n\t\t\t\t<\/div>\n\t\t\t\t\t<\/div>\n\t\t<\/div>\n\t\t\t\t<div class=\"elementor-column elementor-col-33 elementor-top-column elementor-element elementor-element-4b3f3ff7\" data-id=\"4b3f3ff7\" data-element_type=\"column\">\n\t\t\t<div class=\"elementor-widget-wrap\">\n\t\t\t\t\t\t\t\t\t<\/div>\n\t\t<\/div>\n\t\t\t\t<div class=\"elementor-column elementor-col-33 elementor-top-column elementor-element elementor-element-f505bac\" data-id=\"f505bac\" data-element_type=\"column\">\n\t\t\t<div class=\"elementor-widget-wrap elementor-element-populated\">\n\t\t\t\t\t\t\t\t<div class=\"elementor-element elementor-element-e9f51ff elementor-widget__width-initial elementor-widget elementor-widget-wd_image_or_svg\" data-id=\"e9f51ff\" data-element_type=\"widget\" data-widget_type=\"wd_image_or_svg.default\">\n\t\t\t\t<div class=\"elementor-widget-container\">\n\t\t\t\n\t\t<div class=\"wd-image text-left\">\n\t\t\t\t\t\t\t\t<img loading=\"lazy\" decoding=\"async\" width=\"450\" height=\"240\" src=\"https:\/\/hostcnie.com\/demo\/almed\/wp-content\/uploads\/2023\/09\/mlll.jpg\" class=\"attachment-2048x2048 size-2048x2048 wp-image-10708\" alt=\"\" srcset=\"https:\/\/hostcnie.com\/demo\/almed\/wp-content\/uploads\/2023\/09\/mlll.jpg 450w, https:\/\/hostcnie.com\/demo\/almed\/wp-content\/uploads\/2023\/09\/mlll-400x213.jpg 400w, https:\/\/hostcnie.com\/demo\/almed\/wp-content\/uploads\/2023\/09\/mlll-430x229.jpg 430w, https:\/\/hostcnie.com\/demo\/almed\/wp-content\/uploads\/2023\/09\/mlll-150x80.jpg 150w\" sizes=\"auto, (max-width: 450px) 100vw, 450px\" \/>\t\t\t\t\t<\/div>\n\n\t\t\t\t<\/div>\n\t\t\t\t<\/div>\n\t\t\t\t<div class=\"elementor-element elementor-element-b9fb714 elementor-widget__width-initial force_justify elementor-widget elementor-widget-wd_title\" data-id=\"b9fb714\" data-element_type=\"widget\" data-widget_type=\"wd_title.default\">\n\t\t\t\t<div class=\"elementor-widget-container\">\n\t\t\t\t\t<div class=\"title-wrapper set-mb-s reset-last-child wd-title-color-primary wd-title-style-default wd-title-size-small text-left\">\n\n\t\t\t\n\t\t\t<div class=\"liner-continer\">\n\t\t\t\t<h6 class=\"woodmart-title-container title wd-fontsize-m\">MAINTENIR LA TRA\u00c7ABILIT\u00c9 ET LA CONFORMIT\u00c9<\/h6> \n\t\t\t\t\t\t\t<\/div>\n\n\t\t\t\t\t<\/div>\n\t\t\t\t<\/div>\n\t\t\t\t<\/div>\n\t\t\t\t<div class=\"elementor-element elementor-element-caaa0b3 elementor-widget__width-initial force_justify elementor-widget elementor-widget-wd_text_block\" data-id=\"caaa0b3\" data-element_type=\"widget\" data-widget_type=\"wd_text_block.default\">\n\t\t\t\t<div class=\"elementor-widget-container\">\n\t\t\t\t\t<div class=\"wd-text-block reset-last-child text-left\">\n\t\t\t\n\t\t\t<p><span style=\"color: #808080;\">AlinIQ IMS vous aide \u00e0 maintenir la conformit\u00e9 gr\u00e2ce \u00e0 des enregistrements complets de tra\u00e7abilit\u00e9 des r\u00e9actifs, y compris la date de r\u00e9ception et le num\u00e9ro de lot.<\/span><\/p>\n\t\t\t\t\t<\/div>\n\t\t\t\t<\/div>\n\t\t\t\t<\/div>\n\t\t\t\t<div class=\"elementor-element elementor-element-5118ec4 elementor-widget__width-initial force_justify elementor-widget elementor-widget-wd_title\" data-id=\"5118ec4\" data-element_type=\"widget\" data-widget_type=\"wd_title.default\">\n\t\t\t\t<div class=\"elementor-widget-container\">\n\t\t\t\t\t<div class=\"title-wrapper set-mb-s reset-last-child wd-title-color-primary wd-title-style-default wd-title-size-small text-left\">\n\n\t\t\t\n\t\t\t<div class=\"liner-continer\">\n\t\t\t\t<h6 class=\"woodmart-title-container title wd-fontsize-m\">G\u00c9RER L'INVENTAIRE SUR PLUSIEURS SITES<\/h6> \n\t\t\t\t\t\t\t<\/div>\n\n\t\t\t\t\t<\/div>\n\t\t\t\t<\/div>\n\t\t\t\t<\/div>\n\t\t\t\t<div class=\"elementor-element elementor-element-990a7a0 elementor-widget__width-initial force_justify elementor-widget elementor-widget-wd_text_block\" data-id=\"990a7a0\" data-element_type=\"widget\" data-widget_type=\"wd_text_block.default\">\n\t\t\t\t<div class=\"elementor-widget-container\">\n\t\t\t\t\t<div class=\"wd-text-block reset-last-child text-left\">\n\t\t\t\n\t\t\t<p><span style=\"color: #808080;\">AlinIQ IMS vous permet de g\u00e9rer l'inventaire \u00e0 partir de diff\u00e9rents emplacements\u00a0;\u00a0parfait pour vos laboratoires hospitaliers et bureaux de terrain de marque.<\/span><\/p>\n\t\t\t\t\t<\/div>\n\t\t\t\t<\/div>\n\t\t\t\t<\/div>\n\t\t\t\t\t<\/div>\n\t\t<\/div>\n\t\t\t\t\t\t\t<\/div>\n\t\t<\/section>\n\t\t\t\t\t\t\t<\/div>\n\t\t","protected":false},"excerpt":{"rendered":"<p>ALINITY IQ\u00ae SYSTEME DE GESTION DES STOCKS LA GESTION DES STOCKS EST ESSENTIELLE La gestion de la cha\u00eene d&rsquo;approvisionnement en<\/p>\n","protected":false},"author":1,"featured_media":0,"parent":0,"menu_order":0,"comment_status":"closed","ping_status":"closed","template":"","meta":{"footnotes":""},"class_list":["post-10704","page","type-page","status-publish","hentry"],"yoast_head":"<!-- This site is optimized with the Yoast SEO plugin v21.7 - https:\/\/yoast.com\/wordpress\/plugins\/seo\/ -->\n<title>IMS - ALMED<\/title>\n<meta name=\"robots\" content=\"index, follow, max-snippet:-1, max-image-preview:large, max-video-preview:-1\" \/>\n<link rel=\"canonical\" href=\"https:\/\/hostcnie.com\/demo\/almed\/ims\/\" \/>\n<meta property=\"og:locale\" content=\"fr_FR\" \/>\n<meta property=\"og:type\" content=\"article\" \/>\n<meta property=\"og:title\" content=\"IMS - ALMED\" \/>\n<meta property=\"og:description\" content=\"ALINITY IQ\u00ae SYSTEME DE GESTION DES STOCKS LA GESTION DES STOCKS EST ESSENTIELLE La gestion de la cha\u00eene d&rsquo;approvisionnement en\" \/>\n<meta property=\"og:url\" content=\"https:\/\/hostcnie.com\/demo\/almed\/ims\/\" \/>\n<meta property=\"og:site_name\" content=\"ALMED\" \/>\n<meta property=\"article:modified_time\" content=\"2023-12-24T14:26:24+00:00\" \/>\n<meta property=\"og:image\" content=\"https:\/\/hostcnie.com\/demo\/almed\/wp-content\/uploads\/2023\/09\/mlll.jpg\" \/>\n<meta name=\"twitter:card\" content=\"summary_large_image\" \/>\n<meta name=\"twitter:label1\" content=\"Dur\u00e9e de lecture estim\u00e9e\" \/>\n\t<meta name=\"twitter:data1\" content=\"2 minutes\" \/>\n<script type=\"application\/ld+json\" class=\"yoast-schema-graph\">{\"@context\":\"https:\/\/schema.org\",\"@graph\":[{\"@type\":\"WebPage\",\"@id\":\"https:\/\/hostcnie.com\/demo\/almed\/ims\/\",\"url\":\"https:\/\/hostcnie.com\/demo\/almed\/ims\/\",\"name\":\"IMS - ALMED\",\"isPartOf\":{\"@id\":\"https:\/\/hostcnie.com\/demo\/almed\/#website\"},\"datePublished\":\"2023-09-25T10:06:41+00:00\",\"dateModified\":\"2023-12-24T14:26:24+00:00\",\"breadcrumb\":{\"@id\":\"https:\/\/hostcnie.com\/demo\/almed\/ims\/#breadcrumb\"},\"inLanguage\":\"fr-FR\",\"potentialAction\":[{\"@type\":\"ReadAction\",\"target\":[\"https:\/\/hostcnie.com\/demo\/almed\/ims\/\"]}]},{\"@type\":\"BreadcrumbList\",\"@id\":\"https:\/\/hostcnie.com\/demo\/almed\/ims\/#breadcrumb\",\"itemListElement\":[{\"@type\":\"ListItem\",\"position\":1,\"name\":\"Accueil\",\"item\":\"https:\/\/hostcnie.com\/demo\/almed\/\"},{\"@type\":\"ListItem\",\"position\":2,\"name\":\"IMS\"}]},{\"@type\":\"WebSite\",\"@id\":\"https:\/\/hostcnie.com\/demo\/almed\/#website\",\"url\":\"https:\/\/hostcnie.com\/demo\/almed\/\",\"name\":\"ALMED\",\"description\":\"Importateur et distributeur de mat\u00e9riel m\u00e9dical et de r\u00e9actifs en Alg\u00e9rie\",\"publisher\":{\"@id\":\"https:\/\/hostcnie.com\/demo\/almed\/#organization\"},\"potentialAction\":[{\"@type\":\"SearchAction\",\"target\":{\"@type\":\"EntryPoint\",\"urlTemplate\":\"https:\/\/hostcnie.com\/demo\/almed\/?s={search_term_string}\"},\"query-input\":\"required name=search_term_string\"}],\"inLanguage\":\"fr-FR\"},{\"@type\":\"Organization\",\"@id\":\"https:\/\/hostcnie.com\/demo\/almed\/#organization\",\"name\":\"ALMED\",\"url\":\"https:\/\/hostcnie.com\/demo\/almed\/\",\"logo\":{\"@type\":\"ImageObject\",\"inLanguage\":\"fr-FR\",\"@id\":\"https:\/\/hostcnie.com\/demo\/almed\/#\/schema\/logo\/image\/\",\"url\":\"https:\/\/hostcnie.com\/demo\/almed\/wp-content\/uploads\/2023\/09\/logo-almed.jpg\",\"contentUrl\":\"https:\/\/hostcnie.com\/demo\/almed\/wp-content\/uploads\/2023\/09\/logo-almed.jpg\",\"width\":615,\"height\":239,\"caption\":\"ALMED\"},\"image\":{\"@id\":\"https:\/\/hostcnie.com\/demo\/almed\/#\/schema\/logo\/image\/\"}}]}<\/script>\n<!-- \/ Yoast SEO plugin. -->","yoast_head_json":{"title":"IMS - ALMED","robots":{"index":"index","follow":"follow","max-snippet":"max-snippet:-1","max-image-preview":"max-image-preview:large","max-video-preview":"max-video-preview:-1"},"canonical":"https:\/\/hostcnie.com\/demo\/almed\/ims\/","og_locale":"fr_FR","og_type":"article","og_title":"IMS - ALMED","og_description":"ALINITY IQ\u00ae SYSTEME DE GESTION DES STOCKS LA GESTION DES STOCKS EST ESSENTIELLE La gestion de la cha\u00eene d&rsquo;approvisionnement en","og_url":"https:\/\/hostcnie.com\/demo\/almed\/ims\/","og_site_name":"ALMED","article_modified_time":"2023-12-24T14:26:24+00:00","og_image":[{"url":"https:\/\/hostcnie.com\/demo\/almed\/wp-content\/uploads\/2023\/09\/mlll.jpg"}],"twitter_card":"summary_large_image","twitter_misc":{"Dur\u00e9e de lecture estim\u00e9e":"2 minutes"},"schema":{"@context":"https:\/\/schema.org","@graph":[{"@type":"WebPage","@id":"https:\/\/hostcnie.com\/demo\/almed\/ims\/","url":"https:\/\/hostcnie.com\/demo\/almed\/ims\/","name":"IMS - ALMED","isPartOf":{"@id":"https:\/\/hostcnie.com\/demo\/almed\/#website"},"datePublished":"2023-09-25T10:06:41+00:00","dateModified":"2023-12-24T14:26:24+00:00","breadcrumb":{"@id":"https:\/\/hostcnie.com\/demo\/almed\/ims\/#breadcrumb"},"inLanguage":"fr-FR","potentialAction":[{"@type":"ReadAction","target":["https:\/\/hostcnie.com\/demo\/almed\/ims\/"]}]},{"@type":"BreadcrumbList","@id":"https:\/\/hostcnie.com\/demo\/almed\/ims\/#breadcrumb","itemListElement":[{"@type":"ListItem","position":1,"name":"Accueil","item":"https:\/\/hostcnie.com\/demo\/almed\/"},{"@type":"ListItem","position":2,"name":"IMS"}]},{"@type":"WebSite","@id":"https:\/\/hostcnie.com\/demo\/almed\/#website","url":"https:\/\/hostcnie.com\/demo\/almed\/","name":"ALMED","description":"Importateur et distributeur de mat\u00e9riel m\u00e9dical et de r\u00e9actifs en Alg\u00e9rie","publisher":{"@id":"https:\/\/hostcnie.com\/demo\/almed\/#organization"},"potentialAction":[{"@type":"SearchAction","target":{"@type":"EntryPoint","urlTemplate":"https:\/\/hostcnie.com\/demo\/almed\/?s={search_term_string}"},"query-input":"required name=search_term_string"}],"inLanguage":"fr-FR"},{"@type":"Organization","@id":"https:\/\/hostcnie.com\/demo\/almed\/#organization","name":"ALMED","url":"https:\/\/hostcnie.com\/demo\/almed\/","logo":{"@type":"ImageObject","inLanguage":"fr-FR","@id":"https:\/\/hostcnie.com\/demo\/almed\/#\/schema\/logo\/image\/","url":"https:\/\/hostcnie.com\/demo\/almed\/wp-content\/uploads\/2023\/09\/logo-almed.jpg","contentUrl":"https:\/\/hostcnie.com\/demo\/almed\/wp-content\/uploads\/2023\/09\/logo-almed.jpg","width":615,"height":239,"caption":"ALMED"},"image":{"@id":"https:\/\/hostcnie.com\/demo\/almed\/#\/schema\/logo\/image\/"}}]}},"_links":{"self":[{"href":"https:\/\/hostcnie.com\/demo\/almed\/wp-json\/wp\/v2\/pages\/10704","targetHints":{"allow":["GET"]}}],"collection":[{"href":"https:\/\/hostcnie.com\/demo\/almed\/wp-json\/wp\/v2\/pages"}],"about":[{"href":"https:\/\/hostcnie.com\/demo\/almed\/wp-json\/wp\/v2\/types\/page"}],"author":[{"embeddable":true,"href":"https:\/\/hostcnie.com\/demo\/almed\/wp-json\/wp\/v2\/users\/1"}],"replies":[{"embeddable":true,"href":"https:\/\/hostcnie.com\/demo\/almed\/wp-json\/wp\/v2\/comments?post=10704"}],"version-history":[{"count":85,"href":"https:\/\/hostcnie.com\/demo\/almed\/wp-json\/wp\/v2\/pages\/10704\/revisions"}],"predecessor-version":[{"id":12701,"href":"https:\/\/hostcnie.com\/demo\/almed\/wp-json\/wp\/v2\/pages\/10704\/revisions\/12701"}],"wp:attachment":[{"href":"https:\/\/hostcnie.com\/demo\/almed\/wp-json\/wp\/v2\/media?parent=10704"}],"curies":[{"name":"wp","href":"https:\/\/api.w.org\/{rel}","templated":true}]}}